{"id":6786,"date":"2022-11-02T18:13:33","date_gmt":"2022-11-02T18:13:33","guid":{"rendered":"https:\/\/neuromarketinglab.eu\/?page_id=6786"},"modified":"2023-01-06T21:25:13","modified_gmt":"2023-01-06T21:25:13","slug":"gallery","status":"publish","type":"page","link":"https:\/\/neuromarketinglab.eu\/?page_id=6786","title":{"rendered":"Gallery"},"content":{"rendered":"<p>[vc_row][vc_column]\t\t\t<div class=\"grve-element grve-with-gap grve-portfolio grve-isotope\" style=\"\" data-spinner=\"yes\" data-columns=\"3\" data-columns-tablet-landscape=\"2\" data-columns-tablet-portrait=\"2\" data-columns-mobile=\"1\" data-layout=\"fitRows\" data-gutter-size=\"40\">\r\n\t\t\r\n\t\t\t<div class=\"grve-isotope-container\">\r\n\t\t\t\t\t\t\t<article id=\"portfolio-7036-69f3458975a98\" class=\"grve-isotope-item grve-portfolio-item  post-7036 portfolio type-portfolio status-publish has-post-thumbnail hentry\">\r\n\t\t\t\t\t\t\t\t\t\t\t\t\t\t\t\t\t<a href=\"https:\/\/neuromarketinglab.eu\/?portfolio=exkluzivny-kvalitativny-ad-hoc-prieskum-vnimania-a-chapania-informacii-uvedenych-na-podstranke-objednavatela-nutri-score&#038;lang=sk\">\r\n\t\t\t\t\t\t\t\t\t\t<div class=\"grve-isotope-item-inner grve-zoomIn\">\r\n\t\t\t\t\t\t\t\t<figure class=\"grve-hover-style-5 grve-image-hover grve-zoom-in\">\r\n\t\t\t\t\t\t\t\t\t<div class=\"grve-media grve-bg-none\">\r\n\t\t\t\t\t\t\t\t\t\t\t\t\t\t\t\t\t\t\t\t<div class=\"grve-bg-light grve-hover-overlay grve-opacity-90\"><\/div>\r\n\t\t\t\t\t\t\t\t\t\t\t\t\t\t\t\t\t\t\t\t<img loading=\"lazy\" decoding=\"async\" width=\"800\" height=\"600\" src=\"https:\/\/neuromarketinglab.eu\/wp-content\/uploads\/2023\/01\/IMG_4468-800x600.jpg\" class=\"attachment-blade-grve-small-rect-horizontal size-blade-grve-small-rect-horizontal\" alt=\"\" \/>\t\t\t\t\t\t\t\t\t<\/div>\r\n\t\t\t\t\t\t\t\t\t<figcaption class=\"grve-text-dark\">\r\n\t\t\t\t\t\t\t\t\t\t\t\t\t\t\t\t\t\t\t\t\t<div class=\"grve-portfolio-content\">\r\n\t\t\t\t\t\t\t\t\t\t\t\t\t\t\t\t\t\t\t\t\t\t\t\t\t\t\t\t\t\t\t\t\t\t\t\t<h2 class=\"grve-title grve-text-dark grve-h5\">Exkluz\u00edvny kvalitat\u00edvny ad-hoc prieskum vn\u00edmania a ch\u00e1pania inform\u00e1ci\u00ed uveden\u00fdch na podstr\u00e1nke objedn\u00e1vate\u013ea Nutri-Score<\/h2>\r\n\t\t\t\t\t\t\t\t\t\t\t\t\t\t\t\t\t\t\t\t\t\t\t\t\t\t\t\t\t\t\t\t\t\t\t\t<div class=\"grve-caption grve-text-dark\">23-27.11.2020<\/div>\r\n\t\t\t\t\t\t\t\t\t\t\t\t\t\t\t\t\t\t\t\t\t\t\t<\/div>\r\n\t\t\t\t\t\t\t\t\t\t\t\t\t\t\t\t\t\t\t<\/figcaption>\r\n\t\t\t\t\t\t\t\t<\/figure>\r\n\t\t\t\t\t\t\t<\/div>\r\n\t\t\t\t\t\t\t<\/a>\t\t\t\t\t\t\r\n\t\t\t\t\t<\/article>\r\n\t\t\t\t\t<article id=\"portfolio-7029-69f34589767f4\" class=\"grve-isotope-item grve-portfolio-item  post-7029 portfolio type-portfolio status-publish has-post-thumbnail hentry\">\r\n\t\t\t\t\t\t\t\t\t\t\t\t\t\t\t\t\t<a href=\"https:\/\/neuromarketinglab.eu\/?portfolio=den-otvorenych-dveri-laboratoria-spotrebitelskych-studii&#038;lang=sk\">\r\n\t\t\t\t\t\t\t\t\t\t<div class=\"grve-isotope-item-inner grve-zoomIn\">\r\n\t\t\t\t\t\t\t\t<figure class=\"grve-hover-style-5 grve-image-hover grve-zoom-in\">\r\n\t\t\t\t\t\t\t\t\t<div class=\"grve-media grve-bg-none\">\r\n\t\t\t\t\t\t\t\t\t\t\t\t\t\t\t\t\t\t\t\t<div class=\"grve-bg-light grve-hover-overlay grve-opacity-90\"><\/div>\r\n\t\t\t\t\t\t\t\t\t\t\t\t\t\t\t\t\t\t\t\t<img loading=\"lazy\" decoding=\"async\" width=\"800\" height=\"600\" src=\"https:\/\/neuromarketinglab.eu\/wp-content\/uploads\/2023\/01\/498AA5E4-2835-4937-858C-27F989CEFEED-scaled-1-800x600.jpeg\" class=\"attachment-blade-grve-small-rect-horizontal size-blade-grve-small-rect-horizontal\" alt=\"\" \/>\t\t\t\t\t\t\t\t\t<\/div>\r\n\t\t\t\t\t\t\t\t\t<figcaption class=\"grve-text-dark\">\r\n\t\t\t\t\t\t\t\t\t\t\t\t\t\t\t\t\t\t\t\t\t<div class=\"grve-portfolio-content\">\r\n\t\t\t\t\t\t\t\t\t\t\t\t\t\t\t\t\t\t\t\t\t\t\t\t\t\t\t\t\t\t\t\t\t\t\t\t<h2 class=\"grve-title grve-text-dark grve-h5\">De\u0148 otvoren\u00fdch dver\u00ed Laborat\u00f3ria spotrebite\u013esk\u00fdch \u0161t\u00fadi\u00ed<\/h2>\r\n\t\t\t\t\t\t\t\t\t\t\t\t\t\t\t\t\t\t\t\t\t\t\t\t\t\t\t\t\t\t\t\t\t\t\t\t<div class=\"grve-caption grve-text-dark\">26.9.2022<\/div>\r\n\t\t\t\t\t\t\t\t\t\t\t\t\t\t\t\t\t\t\t\t\t\t\t<\/div>\r\n\t\t\t\t\t\t\t\t\t\t\t\t\t\t\t\t\t\t\t<\/figcaption>\r\n\t\t\t\t\t\t\t\t<\/figure>\r\n\t\t\t\t\t\t\t<\/div>\r\n\t\t\t\t\t\t\t<\/a>\t\t\t\t\t\t\r\n\t\t\t\t\t<\/article>\r\n\t\t\t\t\t<article id=\"portfolio-7022-69f345897733c\" class=\"grve-isotope-item grve-portfolio-item  post-7022 portfolio type-portfolio status-publish has-post-thumbnail hentry\">\r\n\t\t\t\t\t\t\t\t\t\t\t\t\t\t\t\t\t<a href=\"https:\/\/neuromarketinglab.eu\/?portfolio=kvalitativna-studia-s-vyuzitim-nastroja-play-decide-game&#038;lang=sk\">\r\n\t\t\t\t\t\t\t\t\t\t<div class=\"grve-isotope-item-inner grve-zoomIn\">\r\n\t\t\t\t\t\t\t\t<figure class=\"grve-hover-style-5 grve-image-hover grve-zoom-in\">\r\n\t\t\t\t\t\t\t\t\t<div class=\"grve-media grve-bg-none\">\r\n\t\t\t\t\t\t\t\t\t\t\t\t\t\t\t\t\t\t\t\t<div class=\"grve-bg-light grve-hover-overlay grve-opacity-90\"><\/div>\r\n\t\t\t\t\t\t\t\t\t\t\t\t\t\t\t\t\t\t\t\t<img loading=\"lazy\" decoding=\"async\" width=\"800\" height=\"600\" src=\"https:\/\/neuromarketinglab.eu\/wp-content\/uploads\/2023\/01\/B53BE3E9-DF26-4A17-A9EF-4E4F41D8EC2F-800x600.jpeg\" class=\"attachment-blade-grve-small-rect-horizontal size-blade-grve-small-rect-horizontal\" alt=\"\" srcset=\"https:\/\/neuromarketinglab.eu\/wp-content\/uploads\/2023\/01\/B53BE3E9-DF26-4A17-A9EF-4E4F41D8EC2F-800x600.jpeg 800w, https:\/\/neuromarketinglab.eu\/wp-content\/uploads\/2023\/01\/B53BE3E9-DF26-4A17-A9EF-4E4F41D8EC2F-scaled-600x450.jpeg 600w, https:\/\/neuromarketinglab.eu\/wp-content\/uploads\/2023\/01\/B53BE3E9-DF26-4A17-A9EF-4E4F41D8EC2F-300x225.jpeg 300w, https:\/\/neuromarketinglab.eu\/wp-content\/uploads\/2023\/01\/B53BE3E9-DF26-4A17-A9EF-4E4F41D8EC2F-1024x768.jpeg 1024w, https:\/\/neuromarketinglab.eu\/wp-content\/uploads\/2023\/01\/B53BE3E9-DF26-4A17-A9EF-4E4F41D8EC2F-768x576.jpeg 768w, https:\/\/neuromarketinglab.eu\/wp-content\/uploads\/2023\/01\/B53BE3E9-DF26-4A17-A9EF-4E4F41D8EC2F-1536x1152.jpeg 1536w, https:\/\/neuromarketinglab.eu\/wp-content\/uploads\/2023\/01\/B53BE3E9-DF26-4A17-A9EF-4E4F41D8EC2F-1920x1440.jpeg 1920w\" sizes=\"auto, (max-width: 800px) 100vw, 800px\" \/>\t\t\t\t\t\t\t\t\t<\/div>\r\n\t\t\t\t\t\t\t\t\t<figcaption class=\"grve-text-dark\">\r\n\t\t\t\t\t\t\t\t\t\t\t\t\t\t\t\t\t\t\t\t\t<div class=\"grve-portfolio-content\">\r\n\t\t\t\t\t\t\t\t\t\t\t\t\t\t\t\t\t\t\t\t\t\t\t\t\t\t\t\t\t\t\t\t\t\t\t\t<h2 class=\"grve-title grve-text-dark grve-h5\">Kvalitat\u00edvna \u0161t\u00fadia s vyu\u017eit\u00edm n\u00e1stroja Play Decide game<\/h2>\r\n\t\t\t\t\t\t\t\t\t\t\t\t\t\t\t\t\t\t\t\t\t\t\t\t\t\t\t\t\t\t\t\t\t\t\t\t<div class=\"grve-caption grve-text-dark\">14-15.12.2022<\/div>\r\n\t\t\t\t\t\t\t\t\t\t\t\t\t\t\t\t\t\t\t\t\t\t\t<\/div>\r\n\t\t\t\t\t\t\t\t\t\t\t\t\t\t\t\t\t\t\t<\/figcaption>\r\n\t\t\t\t\t\t\t\t<\/figure>\r\n\t\t\t\t\t\t\t<\/div>\r\n\t\t\t\t\t\t\t<\/a>\t\t\t\t\t\t\r\n\t\t\t\t\t<\/article>\r\n\t\t\t\t\t<article id=\"portfolio-6953-69f3458977e45\" class=\"grve-isotope-item grve-portfolio-item  post-6953 portfolio type-portfolio status-publish has-post-thumbnail hentry\">\r\n\t\t\t\t\t\t\t\t\t\t\t\t\t\t\t\t\t<a href=\"https:\/\/neuromarketinglab.eu\/?portfolio=exclusive-qualitative-ad-hoc-survey-of-perception-and-understanding-of-the-information-presented-on-the-nutri-score-customer-sub-page\">\r\n\t\t\t\t\t\t\t\t\t\t<div class=\"grve-isotope-item-inner grve-zoomIn\">\r\n\t\t\t\t\t\t\t\t<figure class=\"grve-hover-style-5 grve-image-hover grve-zoom-in\">\r\n\t\t\t\t\t\t\t\t\t<div class=\"grve-media grve-bg-none\">\r\n\t\t\t\t\t\t\t\t\t\t\t\t\t\t\t\t\t\t\t\t<div class=\"grve-bg-light grve-hover-overlay grve-opacity-90\"><\/div>\r\n\t\t\t\t\t\t\t\t\t\t\t\t\t\t\t\t\t\t\t\t<img loading=\"lazy\" decoding=\"async\" width=\"800\" height=\"600\" src=\"https:\/\/neuromarketinglab.eu\/wp-content\/uploads\/2023\/01\/IMG_4468-800x600.jpg\" class=\"attachment-blade-grve-small-rect-horizontal size-blade-grve-small-rect-horizontal\" alt=\"\" \/>\t\t\t\t\t\t\t\t\t<\/div>\r\n\t\t\t\t\t\t\t\t\t<figcaption class=\"grve-text-dark\">\r\n\t\t\t\t\t\t\t\t\t\t\t\t\t\t\t\t\t\t\t\t\t<div class=\"grve-portfolio-content\">\r\n\t\t\t\t\t\t\t\t\t\t\t\t\t\t\t\t\t\t\t\t\t\t\t\t\t\t\t\t\t\t\t\t\t\t\t\t<h2 class=\"grve-title grve-text-dark grve-h5\">Exclusive qualitative ad-hoc survey of perception and understanding of the information presented on the Nutri-Score customer sub-page<\/h2>\r\n\t\t\t\t\t\t\t\t\t\t\t\t\t\t\t\t\t\t\t\t\t\t\t\t\t\t\t\t\t\t\t\t\t\t\t\t<div class=\"grve-caption grve-text-dark\">23-27.11.2020<\/div>\r\n\t\t\t\t\t\t\t\t\t\t\t\t\t\t\t\t\t\t\t\t\t\t\t<\/div>\r\n\t\t\t\t\t\t\t\t\t\t\t\t\t\t\t\t\t\t\t<\/figcaption>\r\n\t\t\t\t\t\t\t\t<\/figure>\r\n\t\t\t\t\t\t\t<\/div>\r\n\t\t\t\t\t\t\t<\/a>\t\t\t\t\t\t\r\n\t\t\t\t\t<\/article>\r\n\t\t\t\t\t<article id=\"portfolio-6947-69f3458978300\" class=\"grve-isotope-item grve-portfolio-item  post-6947 portfolio type-portfolio status-publish has-post-thumbnail hentry\">\r\n\t\t\t\t\t\t\t\t\t\t\t\t\t\t\t\t\t<a href=\"https:\/\/neuromarketinglab.eu\/?portfolio=open-day-of-the-consumer-studies-laboratory\">\r\n\t\t\t\t\t\t\t\t\t\t<div class=\"grve-isotope-item-inner grve-zoomIn\">\r\n\t\t\t\t\t\t\t\t<figure class=\"grve-hover-style-5 grve-image-hover grve-zoom-in\">\r\n\t\t\t\t\t\t\t\t\t<div class=\"grve-media grve-bg-none\">\r\n\t\t\t\t\t\t\t\t\t\t\t\t\t\t\t\t\t\t\t\t<div class=\"grve-bg-light grve-hover-overlay grve-opacity-90\"><\/div>\r\n\t\t\t\t\t\t\t\t\t\t\t\t\t\t\t\t\t\t\t\t<img loading=\"lazy\" decoding=\"async\" width=\"800\" height=\"600\" src=\"https:\/\/neuromarketinglab.eu\/wp-content\/uploads\/2023\/01\/498AA5E4-2835-4937-858C-27F989CEFEED-scaled-1-800x600.jpeg\" class=\"attachment-blade-grve-small-rect-horizontal size-blade-grve-small-rect-horizontal\" alt=\"\" \/>\t\t\t\t\t\t\t\t\t<\/div>\r\n\t\t\t\t\t\t\t\t\t<figcaption class=\"grve-text-dark\">\r\n\t\t\t\t\t\t\t\t\t\t\t\t\t\t\t\t\t\t\t\t\t<div class=\"grve-portfolio-content\">\r\n\t\t\t\t\t\t\t\t\t\t\t\t\t\t\t\t\t\t\t\t\t\t\t\t\t\t\t\t\t\t\t\t\t\t\t\t<h2 class=\"grve-title grve-text-dark grve-h5\">Open Day of the Consumer Studies Laboratory<\/h2>\r\n\t\t\t\t\t\t\t\t\t\t\t\t\t\t\t\t\t\t\t\t\t\t\t\t\t\t\t\t\t\t\t\t\t\t\t\t<div class=\"grve-caption grve-text-dark\">26.9.2022<\/div>\r\n\t\t\t\t\t\t\t\t\t\t\t\t\t\t\t\t\t\t\t\t\t\t\t<\/div>\r\n\t\t\t\t\t\t\t\t\t\t\t\t\t\t\t\t\t\t\t<\/figcaption>\r\n\t\t\t\t\t\t\t\t<\/figure>\r\n\t\t\t\t\t\t\t<\/div>\r\n\t\t\t\t\t\t\t<\/a>\t\t\t\t\t\t\r\n\t\t\t\t\t<\/article>\r\n\t\t\t\t\t<article id=\"portfolio-6937-69f3458978620\" class=\"grve-isotope-item grve-portfolio-item  post-6937 portfolio type-portfolio status-publish has-post-thumbnail hentry\">\r\n\t\t\t\t\t\t\t\t\t\t\t\t\t\t\t\t\t<a href=\"https:\/\/neuromarketinglab.eu\/?portfolio=qualitative-study-through-playdecide-game\">\r\n\t\t\t\t\t\t\t\t\t\t<div class=\"grve-isotope-item-inner grve-zoomIn\">\r\n\t\t\t\t\t\t\t\t<figure class=\"grve-hover-style-5 grve-image-hover grve-zoom-in\">\r\n\t\t\t\t\t\t\t\t\t<div class=\"grve-media grve-bg-none\">\r\n\t\t\t\t\t\t\t\t\t\t\t\t\t\t\t\t\t\t\t\t<div class=\"grve-bg-light grve-hover-overlay grve-opacity-90\"><\/div>\r\n\t\t\t\t\t\t\t\t\t\t\t\t\t\t\t\t\t\t\t\t<img loading=\"lazy\" decoding=\"async\" width=\"800\" height=\"600\" src=\"https:\/\/neuromarketinglab.eu\/wp-content\/uploads\/2023\/01\/B53BE3E9-DF26-4A17-A9EF-4E4F41D8EC2F-800x600.jpeg\" class=\"attachment-blade-grve-small-rect-horizontal size-blade-grve-small-rect-horizontal\" alt=\"\" srcset=\"https:\/\/neuromarketinglab.eu\/wp-content\/uploads\/2023\/01\/B53BE3E9-DF26-4A17-A9EF-4E4F41D8EC2F-800x600.jpeg 800w, https:\/\/neuromarketinglab.eu\/wp-content\/uploads\/2023\/01\/B53BE3E9-DF26-4A17-A9EF-4E4F41D8EC2F-scaled-600x450.jpeg 600w, https:\/\/neuromarketinglab.eu\/wp-content\/uploads\/2023\/01\/B53BE3E9-DF26-4A17-A9EF-4E4F41D8EC2F-300x225.jpeg 300w, https:\/\/neuromarketinglab.eu\/wp-content\/uploads\/2023\/01\/B53BE3E9-DF26-4A17-A9EF-4E4F41D8EC2F-1024x768.jpeg 1024w, https:\/\/neuromarketinglab.eu\/wp-content\/uploads\/2023\/01\/B53BE3E9-DF26-4A17-A9EF-4E4F41D8EC2F-768x576.jpeg 768w, https:\/\/neuromarketinglab.eu\/wp-content\/uploads\/2023\/01\/B53BE3E9-DF26-4A17-A9EF-4E4F41D8EC2F-1536x1152.jpeg 1536w, https:\/\/neuromarketinglab.eu\/wp-content\/uploads\/2023\/01\/B53BE3E9-DF26-4A17-A9EF-4E4F41D8EC2F-1920x1440.jpeg 1920w\" sizes=\"auto, (max-width: 800px) 100vw, 800px\" \/>\t\t\t\t\t\t\t\t\t<\/div>\r\n\t\t\t\t\t\t\t\t\t<figcaption class=\"grve-text-dark\">\r\n\t\t\t\t\t\t\t\t\t\t\t\t\t\t\t\t\t\t\t\t\t<div class=\"grve-portfolio-content\">\r\n\t\t\t\t\t\t\t\t\t\t\t\t\t\t\t\t\t\t\t\t\t\t\t\t\t\t\t\t\t\t\t\t\t\t\t\t<h2 class=\"grve-title grve-text-dark grve-h5\">Qualitative study through PlayDecide game<\/h2>\r\n\t\t\t\t\t\t\t\t\t\t\t\t\t\t\t\t\t\t\t\t\t\t\t\t\t\t\t\t\t\t\t\t\t\t\t\t<div class=\"grve-caption grve-text-dark\">14-15.12.2022<\/div>\r\n\t\t\t\t\t\t\t\t\t\t\t\t\t\t\t\t\t\t\t\t\t\t\t<\/div>\r\n\t\t\t\t\t\t\t\t\t\t\t\t\t\t\t\t\t\t\t<\/figcaption>\r\n\t\t\t\t\t\t\t\t<\/figure>\r\n\t\t\t\t\t\t\t<\/div>\r\n\t\t\t\t\t\t\t<\/a>\t\t\t\t\t\t\r\n\t\t\t\t\t<\/article>\r\n\t\t\t\t<\/div>\r\n\t\t\t<\/div>\r\n\r\n\t\t[\/vc_column][\/vc_row]<\/p>\n","protected":false},"excerpt":{"rendered":"<p>[vc_row][vc_column][\/vc_column][\/vc_row]<\/p>\n","protected":false},"author":1,"featured_media":0,"parent":0,"menu_order":0,"comment_status":"closed","ping_status":"closed","template":"","meta":{"footnotes":""},"class_list":["post-6786","page","type-page","status-publish","hentry"],"yoast_head":"<!-- This site is optimized with the Yoast SEO plugin v24.9 - https:\/\/yoast.com\/wordpress\/plugins\/seo\/ -->\n<title>Gallery - NeuromarketingLab<\/title>\n<meta name=\"robots\" content=\"noindex, follow, max-snippet:-1, max-image-preview:large, max-video-preview:-1\" \/>\n<meta property=\"og:locale\" content=\"en_GB\" \/>\n<meta property=\"og:type\" content=\"article\" \/>\n<meta property=\"og:title\" content=\"Gallery - NeuromarketingLab\" \/>\n<meta property=\"og:description\" content=\"[vc_row][vc_column][\/vc_column][\/vc_row]\" \/>\n<meta property=\"og:url\" content=\"https:\/\/neuromarketinglab.eu\/?page_id=6786\" \/>\n<meta property=\"og:site_name\" content=\"NeuromarketingLab\" \/>\n<meta property=\"article:modified_time\" content=\"2023-01-06T21:25:13+00:00\" \/>\n<meta name=\"twitter:card\" content=\"summary_large_image\" \/>\n<script type=\"application\/ld+json\" class=\"yoast-schema-graph\">{\"@context\":\"https:\/\/schema.org\",\"@graph\":[{\"@type\":\"WebPage\",\"@id\":\"https:\/\/neuromarketinglab.eu\/?page_id=6786\",\"url\":\"https:\/\/neuromarketinglab.eu\/?page_id=6786\",\"name\":\"Gallery - NeuromarketingLab\",\"isPartOf\":{\"@id\":\"https:\/\/neuromarketinglab.eu\/#website\"},\"datePublished\":\"2022-11-02T18:13:33+00:00\",\"dateModified\":\"2023-01-06T21:25:13+00:00\",\"breadcrumb\":{\"@id\":\"https:\/\/neuromarketinglab.eu\/?page_id=6786#breadcrumb\"},\"inLanguage\":\"en-GB\",\"potentialAction\":[{\"@type\":\"ReadAction\",\"target\":[\"https:\/\/neuromarketinglab.eu\/?page_id=6786\"]}]},{\"@type\":\"BreadcrumbList\",\"@id\":\"https:\/\/neuromarketinglab.eu\/?page_id=6786#breadcrumb\",\"itemListElement\":[{\"@type\":\"ListItem\",\"position\":1,\"name\":\"Home\",\"item\":\"https:\/\/neuromarketinglab.eu\/\"},{\"@type\":\"ListItem\",\"position\":2,\"name\":\"Gallery\"}]},{\"@type\":\"WebSite\",\"@id\":\"https:\/\/neuromarketinglab.eu\/#website\",\"url\":\"https:\/\/neuromarketinglab.eu\/\",\"name\":\"NeuromarketingLab\",\"description\":\"\",\"publisher\":{\"@id\":\"https:\/\/neuromarketinglab.eu\/#organization\"},\"potentialAction\":[{\"@type\":\"SearchAction\",\"target\":{\"@type\":\"EntryPoint\",\"urlTemplate\":\"https:\/\/neuromarketinglab.eu\/?s={search_term_string}\"},\"query-input\":{\"@type\":\"PropertyValueSpecification\",\"valueRequired\":true,\"valueName\":\"search_term_string\"}}],\"inLanguage\":\"en-GB\"},{\"@type\":\"Organization\",\"@id\":\"https:\/\/neuromarketinglab.eu\/#organization\",\"name\":\"NeuromarketingLab\",\"url\":\"https:\/\/neuromarketinglab.eu\/\",\"logo\":{\"@type\":\"ImageObject\",\"inLanguage\":\"en-GB\",\"@id\":\"https:\/\/neuromarketinglab.eu\/#\/schema\/logo\/image\/\",\"url\":\"\",\"contentUrl\":\"\",\"caption\":\"NeuromarketingLab\"},\"image\":{\"@id\":\"https:\/\/neuromarketinglab.eu\/#\/schema\/logo\/image\/\"}}]}<\/script>\n<!-- \/ Yoast SEO plugin. -->","yoast_head_json":{"title":"Gallery - NeuromarketingLab","robots":{"index":"noindex","follow":"follow","max-snippet":"max-snippet:-1","max-image-preview":"max-image-preview:large","max-video-preview":"max-video-preview:-1"},"og_locale":"en_GB","og_type":"article","og_title":"Gallery - NeuromarketingLab","og_description":"[vc_row][vc_column][\/vc_column][\/vc_row]","og_url":"https:\/\/neuromarketinglab.eu\/?page_id=6786","og_site_name":"NeuromarketingLab","article_modified_time":"2023-01-06T21:25:13+00:00","twitter_card":"summary_large_image","schema":{"@context":"https:\/\/schema.org","@graph":[{"@type":"WebPage","@id":"https:\/\/neuromarketinglab.eu\/?page_id=6786","url":"https:\/\/neuromarketinglab.eu\/?page_id=6786","name":"Gallery - NeuromarketingLab","isPartOf":{"@id":"https:\/\/neuromarketinglab.eu\/#website"},"datePublished":"2022-11-02T18:13:33+00:00","dateModified":"2023-01-06T21:25:13+00:00","breadcrumb":{"@id":"https:\/\/neuromarketinglab.eu\/?page_id=6786#breadcrumb"},"inLanguage":"en-GB","potentialAction":[{"@type":"ReadAction","target":["https:\/\/neuromarketinglab.eu\/?page_id=6786"]}]},{"@type":"BreadcrumbList","@id":"https:\/\/neuromarketinglab.eu\/?page_id=6786#breadcrumb","itemListElement":[{"@type":"ListItem","position":1,"name":"Home","item":"https:\/\/neuromarketinglab.eu\/"},{"@type":"ListItem","position":2,"name":"Gallery"}]},{"@type":"WebSite","@id":"https:\/\/neuromarketinglab.eu\/#website","url":"https:\/\/neuromarketinglab.eu\/","name":"NeuromarketingLab","description":"","publisher":{"@id":"https:\/\/neuromarketinglab.eu\/#organization"},"potentialAction":[{"@type":"SearchAction","target":{"@type":"EntryPoint","urlTemplate":"https:\/\/neuromarketinglab.eu\/?s={search_term_string}"},"query-input":{"@type":"PropertyValueSpecification","valueRequired":true,"valueName":"search_term_string"}}],"inLanguage":"en-GB"},{"@type":"Organization","@id":"https:\/\/neuromarketinglab.eu\/#organization","name":"NeuromarketingLab","url":"https:\/\/neuromarketinglab.eu\/","logo":{"@type":"ImageObject","inLanguage":"en-GB","@id":"https:\/\/neuromarketinglab.eu\/#\/schema\/logo\/image\/","url":"","contentUrl":"","caption":"NeuromarketingLab"},"image":{"@id":"https:\/\/neuromarketinglab.eu\/#\/schema\/logo\/image\/"}}]}},"_links":{"self":[{"href":"https:\/\/neuromarketinglab.eu\/index.php?rest_route=\/wp\/v2\/pages\/6786","targetHints":{"allow":["GET"]}}],"collection":[{"href":"https:\/\/neuromarketinglab.eu\/index.php?rest_route=\/wp\/v2\/pages"}],"about":[{"href":"https:\/\/neuromarketinglab.eu\/index.php?rest_route=\/wp\/v2\/types\/page"}],"author":[{"embeddable":true,"href":"https:\/\/neuromarketinglab.eu\/index.php?rest_route=\/wp\/v2\/users\/1"}],"replies":[{"embeddable":true,"href":"https:\/\/neuromarketinglab.eu\/index.php?rest_route=%2Fwp%2Fv2%2Fcomments&post=6786"}],"version-history":[{"count":7,"href":"https:\/\/neuromarketinglab.eu\/index.php?rest_route=\/wp\/v2\/pages\/6786\/revisions"}],"predecessor-version":[{"id":6959,"href":"https:\/\/neuromarketinglab.eu\/index.php?rest_route=\/wp\/v2\/pages\/6786\/revisions\/6959"}],"wp:attachment":[{"href":"https:\/\/neuromarketinglab.eu\/index.php?rest_route=%2Fwp%2Fv2%2Fmedia&parent=6786"}],"curies":[{"name":"wp","href":"https:\/\/api.w.org\/{rel}","templated":true}]}}