{"id":6848,"date":"2022-11-02T19:10:38","date_gmt":"2022-11-02T19:10:38","guid":{"rendered":"https:\/\/neuromarketinglab.eu\/home-slovencina\/"},"modified":"2026-01-01T20:57:29","modified_gmt":"2026-01-01T20:57:29","slug":"home-slovencina","status":"publish","type":"page","link":"https:\/\/neuromarketinglab.eu\/?lang=sk","title":{"rendered":"Domov"},"content":{"rendered":"<p>[vc_row section_type=&#8221;fullwidth&#8221; header_feature=&#8221;yes&#8221;][vc_column][rev_slider_vc alias=&#8221;homepage-slider&#8221;][\/vc_column][\/vc_row][vc_row padding_top=&#8221;100&#8243; padding_bottom=&#8221;100&#8243; margin_bottom=&#8221;0&#8243;][vc_column css=&#8221;.vc_custom_1444663604145{padding-right: 15% !important;padding-left: 15% !important;}&#8221;]<div class=\"grve-element grve-image grve-animated-item grve-fadeIn grve-align-center\" style=\"\" data-delay=\"200\"><img loading=\"lazy\" decoding=\"async\" width=\"300\" height=\"103\" src=\"https:\/\/neuromarketinglab.eu\/wp-content\/uploads\/2026\/01\/Logo_SK_v2-300x103.jpg\" class=\"attachment-medium size-medium\" alt=\"\" srcset=\"https:\/\/neuromarketinglab.eu\/wp-content\/uploads\/2026\/01\/Logo_SK_v2-300x103.jpg 300w, https:\/\/neuromarketinglab.eu\/wp-content\/uploads\/2026\/01\/Logo_SK_v2.jpg 538w\" sizes=\"auto, (max-width: 300px) 100vw, 300px\" \/><\/div><div class=\"grve-element grve-slogan grve-align-center grve-animated-item grve-fadeInUp\" style=\"\" data-delay=\"400\"><div class=\"grve-subtitle\">Slovensk\u00e1 po\u013enohospod\u00e1rska univezita v Nitre<\/div><h2 class=\"grve-slogan-title grve-align-center grve-h4\"><span>Laborat\u00f3rium spotrebite\u013esk\u00e9ho <br \/> a mana\u017e\u00e9rskeho v\u00fdskumu <\/span><\/h2>  <p class=\"\">Posun\u00fa\u0165 v\u00fdskum a vzdel\u00e1vanie na Slovensku v oblasti obchodu, marketingu, mana\u017ementu a ekon\u00f3mie s vyu\u017eit\u00edm najnov\u0161\u00edch technol\u00f3gi\u00ed je cie\u013eom unik\u00e1tneho Laborat\u00f3riua spotrebite\u013esk\u00e9ho a mana\u017e\u00e9rskeho v\u00fdskumu\u00a0 na Fakulte ekonomiky a mana\u017ementu Slovenskej po\u013enohospod\u00e1rskej univerzity v Nitre. Laborat\u00f3rium pozost\u00e1va z hlavnej a kontrolnej miestnosti. Hlavn\u00e1 miestnos\u0165 sl\u00fa\u017ei na realizovanie v\u00fdskumov v oblasti marketingu, mana\u017ementu a ekon\u00f3mie s vyu\u017eit\u00edm biometrick\u00fdch a neurozobrazovac\u00edch pr\u00edstrojov (obdobn\u00fdch, ako sa pou\u017e\u00edvaj\u00fa v lek\u00e1rstve na diagnostiku). Pozost\u00e1va zo \u0161tyroch \u010dast\u00ed \u2013 simulovan\u00e9ho predajn\u00e9ho priestoru na podrobn\u00e9 sk\u00famanie n\u00e1kupn\u00e9ho procesu a rozhodovania \u010dloveka pri v\u00fdbere produktov, multifunk\u010dn\u00e9ho senzorick\u00e9ho stola s implicitn\u00fdm z\u00edskavan\u00edm sp\u00e4tnej v\u00e4zby pre sk\u00famanie vn\u00edmania v\u00fdrobkov, obalov, dizajnu \u010di pou\u017eit\u00fdch materi\u00e1lov, aromatiza\u010dn\u00e9ho boxu pre sk\u00famanie vplyvu v\u00f4n\u00ed na vn\u00edmanie a preferencie \u010dloveka a napokon univerz\u00e1lnej \u010dasti pre v\u00fdskum rekl\u00e1m, webov a online aplik\u00e1ci\u00ed. Na rozdiel od in\u00fdch pracov\u00edsk, toto laborat\u00f3rium umo\u017e\u0148uje presn\u00e9 riadenie faktorov prostredia (n\u00e1kupnej atmosf\u00e9ry) a aromatiz\u00e1cie, ktor\u00e9 maj\u00fa z\u00e1sadn\u00fd vplyv na rozhodovanie \u010dloveka, a teda umo\u017e\u0148uje \u00faplne nov\u00fd koncept v\u00fdskumn\u00fdch pr\u00edstupov k zadan\u00fdm t\u00e9mam z praxe.<\/p><\/div>[\/vc_column][\/vc_row]<\/p>\n","protected":false},"excerpt":{"rendered":"<p>[vc_row section_type=&#8221;fullwidth&#8221; header_feature=&#8221;yes&#8221;][vc_column][rev_slider_vc alias=&#8221;homepage-slider&#8221;][\/vc_column][\/vc_row][vc_row padding_top=&#8221;100&#8243; padding_bottom=&#8221;100&#8243; margin_bottom=&#8221;0&#8243;][vc_column css=&#8221;.vc_custom_1444663604145{padding-right: 15% !important;padding-left: 15% !important;}&#8221;][\/vc_column][\/vc_row]<\/p>\n","protected":false},"author":1,"featured_media":0,"parent":0,"menu_order":0,"comment_status":"closed","ping_status":"closed","template":"","meta":{"footnotes":""},"class_list":["post-6848","page","type-page","status-publish","hentry"],"yoast_head":"<!-- This site is optimized with the Yoast SEO plugin v24.9 - https:\/\/yoast.com\/wordpress\/plugins\/seo\/ -->\n<title>Domov - NeuromarketingLab<\/title>\n<meta name=\"robots\" content=\"noindex, follow, max-snippet:-1, max-image-preview:large, max-video-preview:-1\" \/>\n<meta property=\"og:locale\" content=\"en_GB\" \/>\n<meta property=\"og:type\" content=\"article\" \/>\n<meta property=\"og:title\" content=\"Domov - NeuromarketingLab\" \/>\n<meta property=\"og:description\" content=\"[vc_row section_type=&#8221;fullwidth&#8221; header_feature=&#8221;yes&#8221;][vc_column][rev_slider_vc alias=&#8221;homepage-slider&#8221;][\/vc_column][\/vc_row][vc_row padding_top=&#8221;100&#8243; padding_bottom=&#8221;100&#8243; margin_bottom=&#8221;0&#8243;][vc_column css=&#8221;.vc_custom_1444663604145{padding-right: 15% !important;padding-left: 15% !important;}&#8221;][\/vc_column][\/vc_row]\" \/>\n<meta property=\"og:url\" content=\"https:\/\/neuromarketinglab.eu\/?lang=sk\" \/>\n<meta property=\"og:site_name\" content=\"NeuromarketingLab\" \/>\n<meta property=\"article:modified_time\" content=\"2026-01-01T20:57:29+00:00\" \/>\n<meta name=\"twitter:card\" content=\"summary_large_image\" \/>\n<meta name=\"twitter:label1\" content=\"Estimated reading time\" \/>\n\t<meta name=\"twitter:data1\" content=\"2 minutes\" \/>\n<script type=\"application\/ld+json\" class=\"yoast-schema-graph\">{\"@context\":\"https:\/\/schema.org\",\"@graph\":[{\"@type\":\"WebPage\",\"@id\":\"https:\/\/neuromarketinglab.eu\/?lang=sk\",\"url\":\"https:\/\/neuromarketinglab.eu\/?lang=sk\",\"name\":\"Domov - NeuromarketingLab\",\"isPartOf\":{\"@id\":\"https:\/\/neuromarketinglab.eu\/#website\"},\"datePublished\":\"2022-11-02T19:10:38+00:00\",\"dateModified\":\"2026-01-01T20:57:29+00:00\",\"breadcrumb\":{\"@id\":\"https:\/\/neuromarketinglab.eu\/?lang=sk#breadcrumb\"},\"inLanguage\":\"en-GB\",\"potentialAction\":[{\"@type\":\"ReadAction\",\"target\":[\"https:\/\/neuromarketinglab.eu\/?lang=sk\"]}]},{\"@type\":\"BreadcrumbList\",\"@id\":\"https:\/\/neuromarketinglab.eu\/?lang=sk#breadcrumb\",\"itemListElement\":[{\"@type\":\"ListItem\",\"position\":1,\"name\":\"Home\",\"item\":\"https:\/\/neuromarketinglab.eu\/\"},{\"@type\":\"ListItem\",\"position\":2,\"name\":\"Domov\"}]},{\"@type\":\"WebSite\",\"@id\":\"https:\/\/neuromarketinglab.eu\/#website\",\"url\":\"https:\/\/neuromarketinglab.eu\/\",\"name\":\"NeuromarketingLab\",\"description\":\"\",\"publisher\":{\"@id\":\"https:\/\/neuromarketinglab.eu\/#organization\"},\"potentialAction\":[{\"@type\":\"SearchAction\",\"target\":{\"@type\":\"EntryPoint\",\"urlTemplate\":\"https:\/\/neuromarketinglab.eu\/?s={search_term_string}\"},\"query-input\":{\"@type\":\"PropertyValueSpecification\",\"valueRequired\":true,\"valueName\":\"search_term_string\"}}],\"inLanguage\":\"en-GB\"},{\"@type\":\"Organization\",\"@id\":\"https:\/\/neuromarketinglab.eu\/#organization\",\"name\":\"NeuromarketingLab\",\"url\":\"https:\/\/neuromarketinglab.eu\/\",\"logo\":{\"@type\":\"ImageObject\",\"inLanguage\":\"en-GB\",\"@id\":\"https:\/\/neuromarketinglab.eu\/#\/schema\/logo\/image\/\",\"url\":\"\",\"contentUrl\":\"\",\"caption\":\"NeuromarketingLab\"},\"image\":{\"@id\":\"https:\/\/neuromarketinglab.eu\/#\/schema\/logo\/image\/\"}}]}<\/script>\n<!-- \/ Yoast SEO plugin. -->","yoast_head_json":{"title":"Domov - NeuromarketingLab","robots":{"index":"noindex","follow":"follow","max-snippet":"max-snippet:-1","max-image-preview":"max-image-preview:large","max-video-preview":"max-video-preview:-1"},"og_locale":"en_GB","og_type":"article","og_title":"Domov - NeuromarketingLab","og_description":"[vc_row section_type=&#8221;fullwidth&#8221; header_feature=&#8221;yes&#8221;][vc_column][rev_slider_vc alias=&#8221;homepage-slider&#8221;][\/vc_column][\/vc_row][vc_row padding_top=&#8221;100&#8243; padding_bottom=&#8221;100&#8243; margin_bottom=&#8221;0&#8243;][vc_column css=&#8221;.vc_custom_1444663604145{padding-right: 15% !important;padding-left: 15% !important;}&#8221;][\/vc_column][\/vc_row]","og_url":"https:\/\/neuromarketinglab.eu\/?lang=sk","og_site_name":"NeuromarketingLab","article_modified_time":"2026-01-01T20:57:29+00:00","twitter_card":"summary_large_image","twitter_misc":{"Estimated reading time":"2 minutes"},"schema":{"@context":"https:\/\/schema.org","@graph":[{"@type":"WebPage","@id":"https:\/\/neuromarketinglab.eu\/?lang=sk","url":"https:\/\/neuromarketinglab.eu\/?lang=sk","name":"Domov - NeuromarketingLab","isPartOf":{"@id":"https:\/\/neuromarketinglab.eu\/#website"},"datePublished":"2022-11-02T19:10:38+00:00","dateModified":"2026-01-01T20:57:29+00:00","breadcrumb":{"@id":"https:\/\/neuromarketinglab.eu\/?lang=sk#breadcrumb"},"inLanguage":"en-GB","potentialAction":[{"@type":"ReadAction","target":["https:\/\/neuromarketinglab.eu\/?lang=sk"]}]},{"@type":"BreadcrumbList","@id":"https:\/\/neuromarketinglab.eu\/?lang=sk#breadcrumb","itemListElement":[{"@type":"ListItem","position":1,"name":"Home","item":"https:\/\/neuromarketinglab.eu\/"},{"@type":"ListItem","position":2,"name":"Domov"}]},{"@type":"WebSite","@id":"https:\/\/neuromarketinglab.eu\/#website","url":"https:\/\/neuromarketinglab.eu\/","name":"NeuromarketingLab","description":"","publisher":{"@id":"https:\/\/neuromarketinglab.eu\/#organization"},"potentialAction":[{"@type":"SearchAction","target":{"@type":"EntryPoint","urlTemplate":"https:\/\/neuromarketinglab.eu\/?s={search_term_string}"},"query-input":{"@type":"PropertyValueSpecification","valueRequired":true,"valueName":"search_term_string"}}],"inLanguage":"en-GB"},{"@type":"Organization","@id":"https:\/\/neuromarketinglab.eu\/#organization","name":"NeuromarketingLab","url":"https:\/\/neuromarketinglab.eu\/","logo":{"@type":"ImageObject","inLanguage":"en-GB","@id":"https:\/\/neuromarketinglab.eu\/#\/schema\/logo\/image\/","url":"","contentUrl":"","caption":"NeuromarketingLab"},"image":{"@id":"https:\/\/neuromarketinglab.eu\/#\/schema\/logo\/image\/"}}]}},"_links":{"self":[{"href":"https:\/\/neuromarketinglab.eu\/index.php?rest_route=\/wp\/v2\/pages\/6848","targetHints":{"allow":["GET"]}}],"collection":[{"href":"https:\/\/neuromarketinglab.eu\/index.php?rest_route=\/wp\/v2\/pages"}],"about":[{"href":"https:\/\/neuromarketinglab.eu\/index.php?rest_route=\/wp\/v2\/types\/page"}],"author":[{"embeddable":true,"href":"https:\/\/neuromarketinglab.eu\/index.php?rest_route=\/wp\/v2\/users\/1"}],"replies":[{"embeddable":true,"href":"https:\/\/neuromarketinglab.eu\/index.php?rest_route=%2Fwp%2Fv2%2Fcomments&post=6848"}],"version-history":[{"count":6,"href":"https:\/\/neuromarketinglab.eu\/index.php?rest_route=\/wp\/v2\/pages\/6848\/revisions"}],"predecessor-version":[{"id":7212,"href":"https:\/\/neuromarketinglab.eu\/index.php?rest_route=\/wp\/v2\/pages\/6848\/revisions\/7212"}],"wp:attachment":[{"href":"https:\/\/neuromarketinglab.eu\/index.php?rest_route=%2Fwp%2Fv2%2Fmedia&parent=6848"}],"curies":[{"name":"wp","href":"https:\/\/api.w.org\/{rel}","templated":true}]}}