{"id":6902,"date":"2023-01-06T20:32:51","date_gmt":"2023-01-06T20:32:51","guid":{"rendered":"http:\/\/neuromarketinglab.eu\/?page_id=6902"},"modified":"2023-01-06T20:39:31","modified_gmt":"2023-01-06T20:39:31","slug":"patents","status":"publish","type":"page","link":"https:\/\/neuromarketinglab.eu\/?page_id=6902","title":{"rendered":"Patents"},"content":{"rendered":"<p>[vc_row][vc_column][vc_tta_accordion][vc_tta_section title=&#8221;Patents&#8221; tab_id=&#8221;1673037527810-b65cca30-d13b&#8221;][vc_column_text]1. Method of gathering and\/or processing of neuromarketing data and system for realization thereof: published patent application 50036-2015. \u2013 In Vestn\u00edk \u00daradu priemyseln\u00e9ho vlastn\u00edctva Slovenskej republiky. Bansk\u00e1 Bystrica : \u00darad priemyseln\u00e9ho vlastn\u00edctva Slovenskej republiky.\u00a0(2017), p. 13. (awarded patent No. 288872)<\/p>\n<p>2. Information device with simultaneous collection of feedback, method of presentation of information: published patent application 50074-2015. \u2013 In Vestn\u00edk \u00daradu priemyseln\u00e9ho vlastn\u00edctva Slovenskej republiky. Bansk\u00e1 Bystrica: \u00darad priemyseln\u00e9ho vlastn\u00edctva Slovenskej republiky. 5 (2017), p. 17. (awarded patent No.289006\u00a0)[\/vc_column_text][\/vc_tta_section][vc_tta_section title=&#8221;Utility models&#8221; tab_id=&#8221;1673037527819-4406816e-b03a&#8221;][vc_column_text]1. CZ &#8211; Information device with simultaneous collection of feedback, method of presentation of information: utility model no. 32181: date of registration 16.10.2018.<\/p>\n<p>2. SK &#8211; Information device with simultaneous collection of feedback, method of presentation of information: utility model no. 8334: date of registration 23.11.2018.<\/p>\n<p>3. CZ &#8211; System for obtaining and\/or processing neuromarketing data: utility model no. 32837: date of registration 14.05.2019.<\/p>\n<p>4. SK &#8211; Non &#8211; contact method of measuring body temperature and system for its implementation: PU 1000035443: date of registration 24.04.2020. (utility model request)[\/vc_column_text][\/vc_tta_section][\/vc_tta_accordion][\/vc_column][\/vc_row]<\/p>\n","protected":false},"excerpt":{"rendered":"<p>[vc_row][vc_column][vc_tta_accordion][vc_tta_section title=&#8221;Patents&#8221; tab_id=&#8221;1673037527810-b65cca30-d13b&#8221;][vc_column_text]1. Method of gathering and\/or processing of neuromarketing data and system for realization thereof: published patent application 50036-2015. \u2013 In Vestn\u00edk \u00daradu priemyseln\u00e9ho vlastn\u00edctva Slovenskej republiky. Bansk\u00e1 Bystrica : \u00darad priemyseln\u00e9ho vlastn\u00edctva Slovenskej republiky.\u00a0(2017), p. 13. (awarded patent No. 288872) 2. Information device with simultaneous collection of feedback, method of presentation of information: [&hellip;]<\/p>\n","protected":false},"author":1,"featured_media":0,"parent":6788,"menu_order":0,"comment_status":"closed","ping_status":"closed","template":"","meta":{"footnotes":""},"class_list":["post-6902","page","type-page","status-publish","hentry"],"yoast_head":"<!-- This site is optimized with the Yoast SEO plugin v24.9 - https:\/\/yoast.com\/wordpress\/plugins\/seo\/ -->\n<title>Patents - NeuromarketingLab<\/title>\n<meta name=\"robots\" content=\"noindex, follow, max-snippet:-1, max-image-preview:large, max-video-preview:-1\" \/>\n<meta property=\"og:locale\" content=\"en_GB\" \/>\n<meta property=\"og:type\" content=\"article\" \/>\n<meta property=\"og:title\" content=\"Patents - NeuromarketingLab\" \/>\n<meta property=\"og:description\" content=\"[vc_row][vc_column][vc_tta_accordion][vc_tta_section title=&#8221;Patents&#8221; tab_id=&#8221;1673037527810-b65cca30-d13b&#8221;][vc_column_text]1. Method of gathering and\/or processing of neuromarketing data and system for realization thereof: published patent application 50036-2015. \u2013 In Vestn\u00edk \u00daradu priemyseln\u00e9ho vlastn\u00edctva Slovenskej republiky. Bansk\u00e1 Bystrica : \u00darad priemyseln\u00e9ho vlastn\u00edctva Slovenskej republiky.\u00a0(2017), p. 13. (awarded patent No. 288872) 2. Information device with simultaneous collection of feedback, method of presentation of information: [&hellip;]\" \/>\n<meta property=\"og:url\" content=\"https:\/\/neuromarketinglab.eu\/?page_id=6902\" \/>\n<meta property=\"og:site_name\" content=\"NeuromarketingLab\" \/>\n<meta property=\"article:modified_time\" content=\"2023-01-06T20:39:31+00:00\" \/>\n<meta name=\"twitter:card\" content=\"summary_large_image\" \/>\n<meta name=\"twitter:label1\" content=\"Estimated reading time\" \/>\n\t<meta name=\"twitter:data1\" content=\"1 minute\" \/>\n<script type=\"application\/ld+json\" class=\"yoast-schema-graph\">{\"@context\":\"https:\/\/schema.org\",\"@graph\":[{\"@type\":\"WebPage\",\"@id\":\"https:\/\/neuromarketinglab.eu\/?page_id=6902\",\"url\":\"https:\/\/neuromarketinglab.eu\/?page_id=6902\",\"name\":\"Patents - NeuromarketingLab\",\"isPartOf\":{\"@id\":\"https:\/\/neuromarketinglab.eu\/#website\"},\"datePublished\":\"2023-01-06T20:32:51+00:00\",\"dateModified\":\"2023-01-06T20:39:31+00:00\",\"breadcrumb\":{\"@id\":\"https:\/\/neuromarketinglab.eu\/?page_id=6902#breadcrumb\"},\"inLanguage\":\"en-GB\",\"potentialAction\":[{\"@type\":\"ReadAction\",\"target\":[\"https:\/\/neuromarketinglab.eu\/?page_id=6902\"]}]},{\"@type\":\"BreadcrumbList\",\"@id\":\"https:\/\/neuromarketinglab.eu\/?page_id=6902#breadcrumb\",\"itemListElement\":[{\"@type\":\"ListItem\",\"position\":1,\"name\":\"Home\",\"item\":\"https:\/\/neuromarketinglab.eu\/\"},{\"@type\":\"ListItem\",\"position\":2,\"name\":\"Research\",\"item\":\"https:\/\/neuromarketinglab.eu\/?page_id=6788\"},{\"@type\":\"ListItem\",\"position\":3,\"name\":\"Patents\"}]},{\"@type\":\"WebSite\",\"@id\":\"https:\/\/neuromarketinglab.eu\/#website\",\"url\":\"https:\/\/neuromarketinglab.eu\/\",\"name\":\"NeuromarketingLab\",\"description\":\"\",\"publisher\":{\"@id\":\"https:\/\/neuromarketinglab.eu\/#organization\"},\"potentialAction\":[{\"@type\":\"SearchAction\",\"target\":{\"@type\":\"EntryPoint\",\"urlTemplate\":\"https:\/\/neuromarketinglab.eu\/?s={search_term_string}\"},\"query-input\":{\"@type\":\"PropertyValueSpecification\",\"valueRequired\":true,\"valueName\":\"search_term_string\"}}],\"inLanguage\":\"en-GB\"},{\"@type\":\"Organization\",\"@id\":\"https:\/\/neuromarketinglab.eu\/#organization\",\"name\":\"NeuromarketingLab\",\"url\":\"https:\/\/neuromarketinglab.eu\/\",\"logo\":{\"@type\":\"ImageObject\",\"inLanguage\":\"en-GB\",\"@id\":\"https:\/\/neuromarketinglab.eu\/#\/schema\/logo\/image\/\",\"url\":\"\",\"contentUrl\":\"\",\"caption\":\"NeuromarketingLab\"},\"image\":{\"@id\":\"https:\/\/neuromarketinglab.eu\/#\/schema\/logo\/image\/\"}}]}<\/script>\n<!-- \/ Yoast SEO plugin. -->","yoast_head_json":{"title":"Patents - NeuromarketingLab","robots":{"index":"noindex","follow":"follow","max-snippet":"max-snippet:-1","max-image-preview":"max-image-preview:large","max-video-preview":"max-video-preview:-1"},"og_locale":"en_GB","og_type":"article","og_title":"Patents - NeuromarketingLab","og_description":"[vc_row][vc_column][vc_tta_accordion][vc_tta_section title=&#8221;Patents&#8221; tab_id=&#8221;1673037527810-b65cca30-d13b&#8221;][vc_column_text]1. Method of gathering and\/or processing of neuromarketing data and system for realization thereof: published patent application 50036-2015. \u2013 In Vestn\u00edk \u00daradu priemyseln\u00e9ho vlastn\u00edctva Slovenskej republiky. Bansk\u00e1 Bystrica : \u00darad priemyseln\u00e9ho vlastn\u00edctva Slovenskej republiky.\u00a0(2017), p. 13. (awarded patent No. 288872) 2. Information device with simultaneous collection of feedback, method of presentation of information: [&hellip;]","og_url":"https:\/\/neuromarketinglab.eu\/?page_id=6902","og_site_name":"NeuromarketingLab","article_modified_time":"2023-01-06T20:39:31+00:00","twitter_card":"summary_large_image","twitter_misc":{"Estimated reading time":"1 minute"},"schema":{"@context":"https:\/\/schema.org","@graph":[{"@type":"WebPage","@id":"https:\/\/neuromarketinglab.eu\/?page_id=6902","url":"https:\/\/neuromarketinglab.eu\/?page_id=6902","name":"Patents - NeuromarketingLab","isPartOf":{"@id":"https:\/\/neuromarketinglab.eu\/#website"},"datePublished":"2023-01-06T20:32:51+00:00","dateModified":"2023-01-06T20:39:31+00:00","breadcrumb":{"@id":"https:\/\/neuromarketinglab.eu\/?page_id=6902#breadcrumb"},"inLanguage":"en-GB","potentialAction":[{"@type":"ReadAction","target":["https:\/\/neuromarketinglab.eu\/?page_id=6902"]}]},{"@type":"BreadcrumbList","@id":"https:\/\/neuromarketinglab.eu\/?page_id=6902#breadcrumb","itemListElement":[{"@type":"ListItem","position":1,"name":"Home","item":"https:\/\/neuromarketinglab.eu\/"},{"@type":"ListItem","position":2,"name":"Research","item":"https:\/\/neuromarketinglab.eu\/?page_id=6788"},{"@type":"ListItem","position":3,"name":"Patents"}]},{"@type":"WebSite","@id":"https:\/\/neuromarketinglab.eu\/#website","url":"https:\/\/neuromarketinglab.eu\/","name":"NeuromarketingLab","description":"","publisher":{"@id":"https:\/\/neuromarketinglab.eu\/#organization"},"potentialAction":[{"@type":"SearchAction","target":{"@type":"EntryPoint","urlTemplate":"https:\/\/neuromarketinglab.eu\/?s={search_term_string}"},"query-input":{"@type":"PropertyValueSpecification","valueRequired":true,"valueName":"search_term_string"}}],"inLanguage":"en-GB"},{"@type":"Organization","@id":"https:\/\/neuromarketinglab.eu\/#organization","name":"NeuromarketingLab","url":"https:\/\/neuromarketinglab.eu\/","logo":{"@type":"ImageObject","inLanguage":"en-GB","@id":"https:\/\/neuromarketinglab.eu\/#\/schema\/logo\/image\/","url":"","contentUrl":"","caption":"NeuromarketingLab"},"image":{"@id":"https:\/\/neuromarketinglab.eu\/#\/schema\/logo\/image\/"}}]}},"_links":{"self":[{"href":"https:\/\/neuromarketinglab.eu\/index.php?rest_route=\/wp\/v2\/pages\/6902","targetHints":{"allow":["GET"]}}],"collection":[{"href":"https:\/\/neuromarketinglab.eu\/index.php?rest_route=\/wp\/v2\/pages"}],"about":[{"href":"https:\/\/neuromarketinglab.eu\/index.php?rest_route=\/wp\/v2\/types\/page"}],"author":[{"embeddable":true,"href":"https:\/\/neuromarketinglab.eu\/index.php?rest_route=\/wp\/v2\/users\/1"}],"replies":[{"embeddable":true,"href":"https:\/\/neuromarketinglab.eu\/index.php?rest_route=%2Fwp%2Fv2%2Fcomments&post=6902"}],"version-history":[{"count":2,"href":"https:\/\/neuromarketinglab.eu\/index.php?rest_route=\/wp\/v2\/pages\/6902\/revisions"}],"predecessor-version":[{"id":6908,"href":"https:\/\/neuromarketinglab.eu\/index.php?rest_route=\/wp\/v2\/pages\/6902\/revisions\/6908"}],"up":[{"embeddable":true,"href":"https:\/\/neuromarketinglab.eu\/index.php?rest_route=\/wp\/v2\/pages\/6788"}],"wp:attachment":[{"href":"https:\/\/neuromarketinglab.eu\/index.php?rest_route=%2Fwp%2Fv2%2Fmedia&parent=6902"}],"curies":[{"name":"wp","href":"https:\/\/api.w.org\/{rel}","templated":true}]}}