{"id":6967,"date":"2023-01-07T11:02:59","date_gmt":"2023-01-07T11:02:59","guid":{"rendered":"http:\/\/neuromarketinglab.eu\/?page_id=6967"},"modified":"2023-01-07T11:02:59","modified_gmt":"2023-01-07T11:02:59","slug":"o-laboratoriu","status":"publish","type":"page","link":"https:\/\/neuromarketinglab.eu\/?page_id=6967&lang=sk","title":{"rendered":"O laborat\u00f3riu"},"content":{"rendered":"<p>[vc_row][vc_column][vc_column_text]Laborat\u00f3rium sa sklad\u00e1 z hlavnej miestnosti a kontrolnej miestnosti. Hlavn\u00e1 miestnos\u0165 sl\u00fa\u017ei na marketingov\u00fd, mana\u017e\u00e9rsky a ekonomick\u00fd v\u00fdskum s vyu\u017eit\u00edm biometrick\u00fdch a neurozobrazovac\u00edch zariaden\u00ed (podobn\u00fdch t\u00fdm, ktor\u00e9 sa pou\u017e\u00edvaj\u00fa v medic\u00edne na diagnostiku). Sklad\u00e1 sa zo \u0161tyroch \u010dast\u00ed:<\/p>\n<ul>\n<li>simulovan\u00fd predajn\u00fd priestor na podrobn\u00e9 sk\u00famanie n\u00e1kupn\u00e9ho procesu a rozhodovania pri v\u00fdbere v\u00fdrobkov,<\/li>\n<li>multifunk\u010dn\u00fd senzorick\u00fd st\u00f4l s implicitn\u00fdm z\u00edskavan\u00edm sp\u00e4tnej v\u00e4zby na sk\u00famanie vn\u00edmania v\u00fdrobkov, dizajnu obalov a pou\u017eit\u00fdch materi\u00e1lov,<\/li>\n<li>aroma difuz\u00e9r na sk\u00famanie vplyvu v\u00f4n\u00ed na \u013eudsk\u00e9 vn\u00edmanie a preferencie a<\/li>\n<li>univerz\u00e1lny priestor na v\u00fdskum rekl\u00e1m, webov\u00fdch str\u00e1nok a online aplik\u00e1ci\u00ed.<\/li>\n<\/ul>\n<p>[\/vc_column_text][\/vc_column][\/vc_row]<\/p>\n","protected":false},"excerpt":{"rendered":"<p>[vc_row][vc_column][vc_column_text]Laborat\u00f3rium sa sklad\u00e1 z hlavnej miestnosti a kontrolnej miestnosti. Hlavn\u00e1 miestnos\u0165 sl\u00fa\u017ei na marketingov\u00fd, mana\u017e\u00e9rsky a ekonomick\u00fd v\u00fdskum s vyu\u017eit\u00edm biometrick\u00fdch a neurozobrazovac\u00edch zariaden\u00ed (podobn\u00fdch t\u00fdm, ktor\u00e9 sa pou\u017e\u00edvaj\u00fa v medic\u00edne na diagnostiku). Sklad\u00e1 sa zo \u0161tyroch \u010dast\u00ed: simulovan\u00fd predajn\u00fd priestor na podrobn\u00e9 sk\u00famanie n\u00e1kupn\u00e9ho procesu a rozhodovania pri v\u00fdbere v\u00fdrobkov, multifunk\u010dn\u00fd senzorick\u00fd st\u00f4l s [&hellip;]<\/p>\n","protected":false},"author":1,"featured_media":0,"parent":0,"menu_order":0,"comment_status":"closed","ping_status":"closed","template":"","meta":{"footnotes":""},"class_list":["post-6967","page","type-page","status-publish","hentry"],"yoast_head":"<!-- This site is optimized with the Yoast SEO plugin v24.9 - https:\/\/yoast.com\/wordpress\/plugins\/seo\/ -->\n<title>O laborat\u00f3riu - NeuromarketingLab<\/title>\n<meta name=\"robots\" content=\"noindex, follow, max-snippet:-1, max-image-preview:large, max-video-preview:-1\" \/>\n<meta property=\"og:locale\" content=\"en_GB\" \/>\n<meta property=\"og:type\" content=\"article\" \/>\n<meta property=\"og:title\" content=\"O laborat\u00f3riu - NeuromarketingLab\" \/>\n<meta property=\"og:description\" content=\"[vc_row][vc_column][vc_column_text]Laborat\u00f3rium sa sklad\u00e1 z hlavnej miestnosti a kontrolnej miestnosti. Hlavn\u00e1 miestnos\u0165 sl\u00fa\u017ei na marketingov\u00fd, mana\u017e\u00e9rsky a ekonomick\u00fd v\u00fdskum s vyu\u017eit\u00edm biometrick\u00fdch a neurozobrazovac\u00edch zariaden\u00ed (podobn\u00fdch t\u00fdm, ktor\u00e9 sa pou\u017e\u00edvaj\u00fa v medic\u00edne na diagnostiku). Sklad\u00e1 sa zo \u0161tyroch \u010dast\u00ed: simulovan\u00fd predajn\u00fd priestor na podrobn\u00e9 sk\u00famanie n\u00e1kupn\u00e9ho procesu a rozhodovania pri v\u00fdbere v\u00fdrobkov, multifunk\u010dn\u00fd senzorick\u00fd st\u00f4l s [&hellip;]\" \/>\n<meta property=\"og:url\" content=\"https:\/\/neuromarketinglab.eu\/?page_id=6967&amp;lang=sk\" \/>\n<meta property=\"og:site_name\" content=\"NeuromarketingLab\" \/>\n<meta name=\"twitter:card\" content=\"summary_large_image\" \/>\n<meta name=\"twitter:label1\" content=\"Estimated reading time\" \/>\n\t<meta name=\"twitter:data1\" content=\"1 minute\" \/>\n<script type=\"application\/ld+json\" class=\"yoast-schema-graph\">{\"@context\":\"https:\/\/schema.org\",\"@graph\":[{\"@type\":\"WebPage\",\"@id\":\"https:\/\/neuromarketinglab.eu\/?page_id=6967&lang=sk\",\"url\":\"https:\/\/neuromarketinglab.eu\/?page_id=6967&lang=sk\",\"name\":\"O laborat\u00f3riu - NeuromarketingLab\",\"isPartOf\":{\"@id\":\"https:\/\/neuromarketinglab.eu\/#website\"},\"datePublished\":\"2023-01-07T11:02:59+00:00\",\"breadcrumb\":{\"@id\":\"https:\/\/neuromarketinglab.eu\/?page_id=6967&lang=sk#breadcrumb\"},\"inLanguage\":\"en-GB\",\"potentialAction\":[{\"@type\":\"ReadAction\",\"target\":[\"https:\/\/neuromarketinglab.eu\/?page_id=6967&lang=sk\"]}]},{\"@type\":\"BreadcrumbList\",\"@id\":\"https:\/\/neuromarketinglab.eu\/?page_id=6967&lang=sk#breadcrumb\",\"itemListElement\":[{\"@type\":\"ListItem\",\"position\":1,\"name\":\"Home\",\"item\":\"https:\/\/neuromarketinglab.eu\/\"},{\"@type\":\"ListItem\",\"position\":2,\"name\":\"O laborat\u00f3riu\"}]},{\"@type\":\"WebSite\",\"@id\":\"https:\/\/neuromarketinglab.eu\/#website\",\"url\":\"https:\/\/neuromarketinglab.eu\/\",\"name\":\"NeuromarketingLab\",\"description\":\"\",\"publisher\":{\"@id\":\"https:\/\/neuromarketinglab.eu\/#organization\"},\"potentialAction\":[{\"@type\":\"SearchAction\",\"target\":{\"@type\":\"EntryPoint\",\"urlTemplate\":\"https:\/\/neuromarketinglab.eu\/?s={search_term_string}\"},\"query-input\":{\"@type\":\"PropertyValueSpecification\",\"valueRequired\":true,\"valueName\":\"search_term_string\"}}],\"inLanguage\":\"en-GB\"},{\"@type\":\"Organization\",\"@id\":\"https:\/\/neuromarketinglab.eu\/#organization\",\"name\":\"NeuromarketingLab\",\"url\":\"https:\/\/neuromarketinglab.eu\/\",\"logo\":{\"@type\":\"ImageObject\",\"inLanguage\":\"en-GB\",\"@id\":\"https:\/\/neuromarketinglab.eu\/#\/schema\/logo\/image\/\",\"url\":\"\",\"contentUrl\":\"\",\"caption\":\"NeuromarketingLab\"},\"image\":{\"@id\":\"https:\/\/neuromarketinglab.eu\/#\/schema\/logo\/image\/\"}}]}<\/script>\n<!-- \/ Yoast SEO plugin. -->","yoast_head_json":{"title":"O laborat\u00f3riu - NeuromarketingLab","robots":{"index":"noindex","follow":"follow","max-snippet":"max-snippet:-1","max-image-preview":"max-image-preview:large","max-video-preview":"max-video-preview:-1"},"og_locale":"en_GB","og_type":"article","og_title":"O laborat\u00f3riu - NeuromarketingLab","og_description":"[vc_row][vc_column][vc_column_text]Laborat\u00f3rium sa sklad\u00e1 z hlavnej miestnosti a kontrolnej miestnosti. Hlavn\u00e1 miestnos\u0165 sl\u00fa\u017ei na marketingov\u00fd, mana\u017e\u00e9rsky a ekonomick\u00fd v\u00fdskum s vyu\u017eit\u00edm biometrick\u00fdch a neurozobrazovac\u00edch zariaden\u00ed (podobn\u00fdch t\u00fdm, ktor\u00e9 sa pou\u017e\u00edvaj\u00fa v medic\u00edne na diagnostiku). Sklad\u00e1 sa zo \u0161tyroch \u010dast\u00ed: simulovan\u00fd predajn\u00fd priestor na podrobn\u00e9 sk\u00famanie n\u00e1kupn\u00e9ho procesu a rozhodovania pri v\u00fdbere v\u00fdrobkov, multifunk\u010dn\u00fd senzorick\u00fd st\u00f4l s [&hellip;]","og_url":"https:\/\/neuromarketinglab.eu\/?page_id=6967&lang=sk","og_site_name":"NeuromarketingLab","twitter_card":"summary_large_image","twitter_misc":{"Estimated reading time":"1 minute"},"schema":{"@context":"https:\/\/schema.org","@graph":[{"@type":"WebPage","@id":"https:\/\/neuromarketinglab.eu\/?page_id=6967&lang=sk","url":"https:\/\/neuromarketinglab.eu\/?page_id=6967&lang=sk","name":"O laborat\u00f3riu - NeuromarketingLab","isPartOf":{"@id":"https:\/\/neuromarketinglab.eu\/#website"},"datePublished":"2023-01-07T11:02:59+00:00","breadcrumb":{"@id":"https:\/\/neuromarketinglab.eu\/?page_id=6967&lang=sk#breadcrumb"},"inLanguage":"en-GB","potentialAction":[{"@type":"ReadAction","target":["https:\/\/neuromarketinglab.eu\/?page_id=6967&lang=sk"]}]},{"@type":"BreadcrumbList","@id":"https:\/\/neuromarketinglab.eu\/?page_id=6967&lang=sk#breadcrumb","itemListElement":[{"@type":"ListItem","position":1,"name":"Home","item":"https:\/\/neuromarketinglab.eu\/"},{"@type":"ListItem","position":2,"name":"O laborat\u00f3riu"}]},{"@type":"WebSite","@id":"https:\/\/neuromarketinglab.eu\/#website","url":"https:\/\/neuromarketinglab.eu\/","name":"NeuromarketingLab","description":"","publisher":{"@id":"https:\/\/neuromarketinglab.eu\/#organization"},"potentialAction":[{"@type":"SearchAction","target":{"@type":"EntryPoint","urlTemplate":"https:\/\/neuromarketinglab.eu\/?s={search_term_string}"},"query-input":{"@type":"PropertyValueSpecification","valueRequired":true,"valueName":"search_term_string"}}],"inLanguage":"en-GB"},{"@type":"Organization","@id":"https:\/\/neuromarketinglab.eu\/#organization","name":"NeuromarketingLab","url":"https:\/\/neuromarketinglab.eu\/","logo":{"@type":"ImageObject","inLanguage":"en-GB","@id":"https:\/\/neuromarketinglab.eu\/#\/schema\/logo\/image\/","url":"","contentUrl":"","caption":"NeuromarketingLab"},"image":{"@id":"https:\/\/neuromarketinglab.eu\/#\/schema\/logo\/image\/"}}]}},"_links":{"self":[{"href":"https:\/\/neuromarketinglab.eu\/index.php?rest_route=\/wp\/v2\/pages\/6967","targetHints":{"allow":["GET"]}}],"collection":[{"href":"https:\/\/neuromarketinglab.eu\/index.php?rest_route=\/wp\/v2\/pages"}],"about":[{"href":"https:\/\/neuromarketinglab.eu\/index.php?rest_route=\/wp\/v2\/types\/page"}],"author":[{"embeddable":true,"href":"https:\/\/neuromarketinglab.eu\/index.php?rest_route=\/wp\/v2\/users\/1"}],"replies":[{"embeddable":true,"href":"https:\/\/neuromarketinglab.eu\/index.php?rest_route=%2Fwp%2Fv2%2Fcomments&post=6967"}],"version-history":[{"count":1,"href":"https:\/\/neuromarketinglab.eu\/index.php?rest_route=\/wp\/v2\/pages\/6967\/revisions"}],"predecessor-version":[{"id":6968,"href":"https:\/\/neuromarketinglab.eu\/index.php?rest_route=\/wp\/v2\/pages\/6967\/revisions\/6968"}],"wp:attachment":[{"href":"https:\/\/neuromarketinglab.eu\/index.php?rest_route=%2Fwp%2Fv2%2Fmedia&parent=6967"}],"curies":[{"name":"wp","href":"https:\/\/api.w.org\/{rel}","templated":true}]}}