{"id":6971,"date":"2023-01-07T11:11:27","date_gmt":"2023-01-07T11:11:27","guid":{"rendered":"http:\/\/neuromarketinglab.eu\/?page_id=6971"},"modified":"2023-01-16T06:46:19","modified_gmt":"2023-01-16T06:46:19","slug":"pristrojova-infrastruktura","status":"publish","type":"page","link":"https:\/\/neuromarketinglab.eu\/?page_id=6971&lang=sk","title":{"rendered":"Pr\u00edstrojov\u00e1 infra\u0161trukt\u00fara"},"content":{"rendered":"<p>[vc_row][vc_column width=&#8221;1\/2&#8243;]<div class=\"grve-element grve-image-text\" style=\"\"><div class=\"grve-image grve-position-left\"><img loading=\"lazy\" decoding=\"async\" width=\"2560\" height=\"1706\" src=\"https:\/\/neuromarketinglab.eu\/wp-content\/uploads\/2023\/01\/Emotiv-EPOC-scaled.jpg\" class=\"attachment-full size-full\" alt=\"\" srcset=\"https:\/\/neuromarketinglab.eu\/wp-content\/uploads\/2023\/01\/Emotiv-EPOC-scaled.jpg 2560w, https:\/\/neuromarketinglab.eu\/wp-content\/uploads\/2023\/01\/Emotiv-EPOC-scaled-600x400.jpg 600w, https:\/\/neuromarketinglab.eu\/wp-content\/uploads\/2023\/01\/Emotiv-EPOC-300x200.jpg 300w, https:\/\/neuromarketinglab.eu\/wp-content\/uploads\/2023\/01\/Emotiv-EPOC-1024x683.jpg 1024w, https:\/\/neuromarketinglab.eu\/wp-content\/uploads\/2023\/01\/Emotiv-EPOC-768x512.jpg 768w, https:\/\/neuromarketinglab.eu\/wp-content\/uploads\/2023\/01\/Emotiv-EPOC-1536x1024.jpg 1536w, https:\/\/neuromarketinglab.eu\/wp-content\/uploads\/2023\/01\/Emotiv-EPOC-1920x1280.jpg 1920w\" sizes=\"auto, (max-width: 2560px) 100vw, 2560px\" \/><\/div>  <div class=\"grve-content grve-position-right grve-align-left\">  <p>2x 16-kan\u00e1lov\u00fd elektroencefalograf od spolo\u010dnosti Epoc<\/p>    <a href=\"https:\/\/uniag1-my.sharepoint.com\/:b:\/g\/personal\/xbercik_uniag_sk\/EQFAl_yVQ9dBvsc-4bx-GjABCRoIQHkx37hzEYYLvWz6AA\" target=\"_blank\" class=\"grve-link-text grve-read-more \">Let\u00e1k<\/a>  <\/div><\/div><div class=\"grve-element grve-image-text\" style=\"\"><div class=\"grve-image grve-position-left\"><img loading=\"lazy\" decoding=\"async\" width=\"2560\" height=\"1758\" src=\"https:\/\/neuromarketinglab.eu\/wp-content\/uploads\/2023\/01\/Tobii-scaled.jpg\" class=\"attachment-full size-full\" alt=\"\" srcset=\"https:\/\/neuromarketinglab.eu\/wp-content\/uploads\/2023\/01\/Tobii-scaled.jpg 2560w, https:\/\/neuromarketinglab.eu\/wp-content\/uploads\/2023\/01\/Tobii-scaled-600x412.jpg 600w, https:\/\/neuromarketinglab.eu\/wp-content\/uploads\/2023\/01\/Tobii-300x206.jpg 300w, https:\/\/neuromarketinglab.eu\/wp-content\/uploads\/2023\/01\/Tobii-1024x703.jpg 1024w, https:\/\/neuromarketinglab.eu\/wp-content\/uploads\/2023\/01\/Tobii-768x528.jpg 768w, https:\/\/neuromarketinglab.eu\/wp-content\/uploads\/2023\/01\/Tobii-1536x1055.jpg 1536w, https:\/\/neuromarketinglab.eu\/wp-content\/uploads\/2023\/01\/Tobii-1920x1319.jpg 1920w\" sizes=\"auto, (max-width: 2560px) 100vw, 2560px\" \/><\/div>  <div class=\"grve-content grve-position-right grve-align-left\">  <p>1x mobiln\u00e1 o\u010dn\u00e1 kamera od spolo\u010dnosti Tobii<\/p>    <a href=\"https:\/\/uniag1-my.sharepoint.com\/:b:\/g\/personal\/xbercik_uniag_sk\/EduPtEsiqg1HoDIF2pSjMpUBoWFaaoMa7oz2E1NZDZUSYQ\" target=\"_blank\" class=\"grve-link-text grve-read-more \">Let\u00e1k<\/a>  <\/div><\/div>[\/vc_column][vc_column width=&#8221;1\/2&#8243;]<div class=\"grve-element grve-image-text\" style=\"\"><div class=\"grve-image grve-position-left\"><img loading=\"lazy\" decoding=\"async\" width=\"2560\" height=\"1707\" src=\"https:\/\/neuromarketinglab.eu\/wp-content\/uploads\/2023\/01\/Nautilus-32-kanalova-EEG-scaled.jpg\" class=\"attachment-full size-full\" alt=\"\" srcset=\"https:\/\/neuromarketinglab.eu\/wp-content\/uploads\/2023\/01\/Nautilus-32-kanalova-EEG-scaled.jpg 2560w, https:\/\/neuromarketinglab.eu\/wp-content\/uploads\/2023\/01\/Nautilus-32-kanalova-EEG-scaled-600x400.jpg 600w, https:\/\/neuromarketinglab.eu\/wp-content\/uploads\/2023\/01\/Nautilus-32-kanalova-EEG-300x200.jpg 300w, https:\/\/neuromarketinglab.eu\/wp-content\/uploads\/2023\/01\/Nautilus-32-kanalova-EEG-1024x683.jpg 1024w, https:\/\/neuromarketinglab.eu\/wp-content\/uploads\/2023\/01\/Nautilus-32-kanalova-EEG-768x512.jpg 768w, https:\/\/neuromarketinglab.eu\/wp-content\/uploads\/2023\/01\/Nautilus-32-kanalova-EEG-1536x1024.jpg 1536w, https:\/\/neuromarketinglab.eu\/wp-content\/uploads\/2023\/01\/Nautilus-32-kanalova-EEG-1920x1280.jpg 1920w\" sizes=\"auto, (max-width: 2560px) 100vw, 2560px\" \/><\/div>  <div class=\"grve-content grve-position-right grve-align-left\">  <p>1x 32-kan\u00e1lov\u00fd elektroencefalograf od spolo\u010dnosti g.Tec<\/p>    <a href=\"https:\/\/uniag1-my.sharepoint.com\/:b:\/g\/personal\/xbercik_uniag_sk\/EQFAl_yVQ9dBvsc-4bx-GjABCRoIQHkx37hzEYYLvWz6AA\" target=\"_blank\" class=\"grve-link-text grve-read-more \">Let\u00e1k<\/a>  <\/div><\/div><div class=\"grve-element grve-image-text\" style=\"\"><div class=\"grve-image grve-position-left\"><img loading=\"lazy\" decoding=\"async\" width=\"2560\" height=\"1707\" src=\"https:\/\/neuromarketinglab.eu\/wp-content\/uploads\/2023\/01\/Gazepoint-scaled.jpg\" class=\"attachment-full size-full\" alt=\"\" srcset=\"https:\/\/neuromarketinglab.eu\/wp-content\/uploads\/2023\/01\/Gazepoint-scaled.jpg 2560w, https:\/\/neuromarketinglab.eu\/wp-content\/uploads\/2023\/01\/Gazepoint-scaled-600x400.jpg 600w, https:\/\/neuromarketinglab.eu\/wp-content\/uploads\/2023\/01\/Gazepoint-300x200.jpg 300w, https:\/\/neuromarketinglab.eu\/wp-content\/uploads\/2023\/01\/Gazepoint-1024x683.jpg 1024w, https:\/\/neuromarketinglab.eu\/wp-content\/uploads\/2023\/01\/Gazepoint-768x512.jpg 768w, https:\/\/neuromarketinglab.eu\/wp-content\/uploads\/2023\/01\/Gazepoint-1536x1024.jpg 1536w, https:\/\/neuromarketinglab.eu\/wp-content\/uploads\/2023\/01\/Gazepoint-1920x1280.jpg 1920w\" sizes=\"auto, (max-width: 2560px) 100vw, 2560px\" \/><\/div>  <div class=\"grve-content grve-position-right grve-align-left\">  <p>1x mobiln\u00e1 o\u010dn\u00e1 kamera od spolo\u010dnosti Tobii<\/p>    <a href=\"https:\/\/uniag1-my.sharepoint.com\/:b:\/g\/personal\/xbercik_uniag_sk\/EduPtEsiqg1HoDIF2pSjMpUBoWFaaoMa7oz2E1NZDZUSYQ\" target=\"_blank\" class=\"grve-link-text grve-read-more \">Let\u00e1k<\/a>  <\/div><\/div>[\/vc_column][\/vc_row][vc_row][vc_column][vc_column_text]<\/p>\n<ul>\n<li><a href=\"https:\/\/uniag1-my.sharepoint.com\/:b:\/g\/personal\/xbercik_uniag_sk\/Ea-Iww58bWxPp3vEfVS73rQBHT0w3hXNJbON4IrPHTDiew\">Sotv\u00e9r na rozpozn\u00e1vanie em\u00f3ci\u00ed na z\u00e1klade v\u00fdrazov tv\u00e1re od spolo\u010dnosti Noldus<\/a><\/li>\n<li>Synchroniza\u010dn\u00fd softv\u00e9r Observer XT<\/li>\n<li>Multisnzorick\u00fd st\u00f4l &#8211; 8 miest<\/li>\n<li>Ar\u00f3ma dif\u00fazer AS650 od spolo\u010dnosti Reima<\/li>\n<li>\u0160peci\u00e1lna v\u00fdskumn\u00e1 vesta pre zber neuromarketongov\u00fdch d\u00e1t v re\u00e1lnych podmienkach (patentovan\u00e1 technol\u00f3gia)<\/li>\n<li>Kiosk s funkciou vedomej a podvedomej sp\u00e4tnej v\u00e4zby v re\u00e1lnych podmienkach\u00a0(patentovan\u00e1 technol\u00f3gia)<\/li>\n<\/ul>\n<p>[\/vc_column_text][vc_column_text]S\u00fa\u010das\u0165ou laborat\u00f3ria je aj \u0161peci\u00e1lne vyvinut\u00e1 softv\u00e9rov\u00e1 platforma na dia\u013ekov\u00fd zber biometrick\u00fdch \u00fadajov. Ide o pokro\u010dil\u00fa formu dotazn\u00edkov\u00e9ho prieskumu, prostredn\u00edctvom ktor\u00e9ho sa okrem klasickej sp\u00e4tnej v\u00e4zby zaznamen\u00e1vaj\u00fa aj biometrick\u00e9 \u00fadaje tv\u00e1re a reak\u010dn\u00fd \u010das respondentov. Platforma umo\u017e\u0148uje cel\u00fd rad \u0161pecializovan\u00fdch ot\u00e1zok (napr. asocia\u010dn\u00e9 testy). Je prisp\u00f4soben\u00e1 viacer\u00fdm form\u00e1m pou\u017eitia (v laborat\u00f3riu a prostredn\u00edctvom dia\u013ekov\u00e9ho zasielania respondentom).[\/vc_column_text][\/vc_column][\/vc_row]<\/p>\n","protected":false},"excerpt":{"rendered":"<p>[vc_row][vc_column width=&#8221;1\/2&#8243;][\/vc_column][vc_column width=&#8221;1\/2&#8243;][\/vc_column][\/vc_row][vc_row][vc_column][vc_column_text] Sotv\u00e9r na rozpozn\u00e1vanie em\u00f3ci\u00ed na z\u00e1klade v\u00fdrazov tv\u00e1re od spolo\u010dnosti Noldus Synchroniza\u010dn\u00fd softv\u00e9r Observer XT Multisnzorick\u00fd st\u00f4l &#8211; 8 miest Ar\u00f3ma dif\u00fazer AS650 od spolo\u010dnosti Reima \u0160peci\u00e1lna v\u00fdskumn\u00e1 vesta pre zber neuromarketongov\u00fdch d\u00e1t v re\u00e1lnych podmienkach (patentovan\u00e1 technol\u00f3gia) Kiosk s funkciou vedomej a podvedomej sp\u00e4tnej v\u00e4zby v re\u00e1lnych podmienkach\u00a0(patentovan\u00e1 technol\u00f3gia) [\/vc_column_text][vc_column_text]S\u00fa\u010das\u0165ou laborat\u00f3ria [&hellip;]<\/p>\n","protected":false},"author":1,"featured_media":0,"parent":6967,"menu_order":0,"comment_status":"closed","ping_status":"closed","template":"","meta":{"footnotes":""},"class_list":["post-6971","page","type-page","status-publish","hentry"],"yoast_head":"<!-- This site is optimized with the Yoast SEO plugin v24.9 - https:\/\/yoast.com\/wordpress\/plugins\/seo\/ -->\n<title>Pr\u00edstrojov\u00e1 infra\u0161trukt\u00fara - NeuromarketingLab<\/title>\n<meta name=\"robots\" content=\"noindex, follow, max-snippet:-1, max-image-preview:large, max-video-preview:-1\" \/>\n<meta property=\"og:locale\" content=\"en_GB\" \/>\n<meta property=\"og:type\" content=\"article\" \/>\n<meta property=\"og:title\" content=\"Pr\u00edstrojov\u00e1 infra\u0161trukt\u00fara - NeuromarketingLab\" \/>\n<meta property=\"og:description\" content=\"[vc_row][vc_column width=&#8221;1\/2&#8243;][\/vc_column][vc_column width=&#8221;1\/2&#8243;][\/vc_column][\/vc_row][vc_row][vc_column][vc_column_text] Sotv\u00e9r na rozpozn\u00e1vanie em\u00f3ci\u00ed na z\u00e1klade v\u00fdrazov tv\u00e1re od spolo\u010dnosti Noldus Synchroniza\u010dn\u00fd softv\u00e9r Observer XT Multisnzorick\u00fd st\u00f4l &#8211; 8 miest Ar\u00f3ma dif\u00fazer AS650 od spolo\u010dnosti Reima \u0160peci\u00e1lna v\u00fdskumn\u00e1 vesta pre zber neuromarketongov\u00fdch d\u00e1t v re\u00e1lnych podmienkach (patentovan\u00e1 technol\u00f3gia) Kiosk s funkciou vedomej a podvedomej sp\u00e4tnej v\u00e4zby v re\u00e1lnych podmienkach\u00a0(patentovan\u00e1 technol\u00f3gia) [\/vc_column_text][vc_column_text]S\u00fa\u010das\u0165ou laborat\u00f3ria [&hellip;]\" \/>\n<meta property=\"og:url\" content=\"https:\/\/neuromarketinglab.eu\/?page_id=6971&amp;lang=sk\" \/>\n<meta property=\"og:site_name\" content=\"NeuromarketingLab\" \/>\n<meta property=\"article:modified_time\" content=\"2023-01-16T06:46:19+00:00\" \/>\n<meta name=\"twitter:card\" content=\"summary_large_image\" \/>\n<meta name=\"twitter:label1\" content=\"Estimated reading time\" \/>\n\t<meta name=\"twitter:data1\" content=\"2 minutes\" \/>\n<script type=\"application\/ld+json\" class=\"yoast-schema-graph\">{\"@context\":\"https:\/\/schema.org\",\"@graph\":[{\"@type\":\"WebPage\",\"@id\":\"https:\/\/neuromarketinglab.eu\/?page_id=6971&lang=sk\",\"url\":\"https:\/\/neuromarketinglab.eu\/?page_id=6971&lang=sk\",\"name\":\"Pr\u00edstrojov\u00e1 infra\u0161trukt\u00fara - NeuromarketingLab\",\"isPartOf\":{\"@id\":\"https:\/\/neuromarketinglab.eu\/#website\"},\"datePublished\":\"2023-01-07T11:11:27+00:00\",\"dateModified\":\"2023-01-16T06:46:19+00:00\",\"breadcrumb\":{\"@id\":\"https:\/\/neuromarketinglab.eu\/?page_id=6971&lang=sk#breadcrumb\"},\"inLanguage\":\"en-GB\",\"potentialAction\":[{\"@type\":\"ReadAction\",\"target\":[\"https:\/\/neuromarketinglab.eu\/?page_id=6971&lang=sk\"]}]},{\"@type\":\"BreadcrumbList\",\"@id\":\"https:\/\/neuromarketinglab.eu\/?page_id=6971&lang=sk#breadcrumb\",\"itemListElement\":[{\"@type\":\"ListItem\",\"position\":1,\"name\":\"Home\",\"item\":\"https:\/\/neuromarketinglab.eu\/\"},{\"@type\":\"ListItem\",\"position\":2,\"name\":\"O laborat\u00f3riu\",\"item\":\"http:\/\/neuromarketinglab.eu\/?page_id=6967&lang=sk\"},{\"@type\":\"ListItem\",\"position\":3,\"name\":\"Pr\u00edstrojov\u00e1 infra\u0161trukt\u00fara\"}]},{\"@type\":\"WebSite\",\"@id\":\"https:\/\/neuromarketinglab.eu\/#website\",\"url\":\"https:\/\/neuromarketinglab.eu\/\",\"name\":\"NeuromarketingLab\",\"description\":\"\",\"publisher\":{\"@id\":\"https:\/\/neuromarketinglab.eu\/#organization\"},\"potentialAction\":[{\"@type\":\"SearchAction\",\"target\":{\"@type\":\"EntryPoint\",\"urlTemplate\":\"https:\/\/neuromarketinglab.eu\/?s={search_term_string}\"},\"query-input\":{\"@type\":\"PropertyValueSpecification\",\"valueRequired\":true,\"valueName\":\"search_term_string\"}}],\"inLanguage\":\"en-GB\"},{\"@type\":\"Organization\",\"@id\":\"https:\/\/neuromarketinglab.eu\/#organization\",\"name\":\"NeuromarketingLab\",\"url\":\"https:\/\/neuromarketinglab.eu\/\",\"logo\":{\"@type\":\"ImageObject\",\"inLanguage\":\"en-GB\",\"@id\":\"https:\/\/neuromarketinglab.eu\/#\/schema\/logo\/image\/\",\"url\":\"\",\"contentUrl\":\"\",\"caption\":\"NeuromarketingLab\"},\"image\":{\"@id\":\"https:\/\/neuromarketinglab.eu\/#\/schema\/logo\/image\/\"}}]}<\/script>\n<!-- \/ Yoast SEO plugin. -->","yoast_head_json":{"title":"Pr\u00edstrojov\u00e1 infra\u0161trukt\u00fara - NeuromarketingLab","robots":{"index":"noindex","follow":"follow","max-snippet":"max-snippet:-1","max-image-preview":"max-image-preview:large","max-video-preview":"max-video-preview:-1"},"og_locale":"en_GB","og_type":"article","og_title":"Pr\u00edstrojov\u00e1 infra\u0161trukt\u00fara - NeuromarketingLab","og_description":"[vc_row][vc_column width=&#8221;1\/2&#8243;][\/vc_column][vc_column width=&#8221;1\/2&#8243;][\/vc_column][\/vc_row][vc_row][vc_column][vc_column_text] Sotv\u00e9r na rozpozn\u00e1vanie em\u00f3ci\u00ed na z\u00e1klade v\u00fdrazov tv\u00e1re od spolo\u010dnosti Noldus Synchroniza\u010dn\u00fd softv\u00e9r Observer XT Multisnzorick\u00fd st\u00f4l &#8211; 8 miest Ar\u00f3ma dif\u00fazer AS650 od spolo\u010dnosti Reima \u0160peci\u00e1lna v\u00fdskumn\u00e1 vesta pre zber neuromarketongov\u00fdch d\u00e1t v re\u00e1lnych podmienkach (patentovan\u00e1 technol\u00f3gia) Kiosk s funkciou vedomej a podvedomej sp\u00e4tnej v\u00e4zby v re\u00e1lnych podmienkach\u00a0(patentovan\u00e1 technol\u00f3gia) [\/vc_column_text][vc_column_text]S\u00fa\u010das\u0165ou laborat\u00f3ria [&hellip;]","og_url":"https:\/\/neuromarketinglab.eu\/?page_id=6971&lang=sk","og_site_name":"NeuromarketingLab","article_modified_time":"2023-01-16T06:46:19+00:00","twitter_card":"summary_large_image","twitter_misc":{"Estimated reading time":"2 minutes"},"schema":{"@context":"https:\/\/schema.org","@graph":[{"@type":"WebPage","@id":"https:\/\/neuromarketinglab.eu\/?page_id=6971&lang=sk","url":"https:\/\/neuromarketinglab.eu\/?page_id=6971&lang=sk","name":"Pr\u00edstrojov\u00e1 infra\u0161trukt\u00fara - NeuromarketingLab","isPartOf":{"@id":"https:\/\/neuromarketinglab.eu\/#website"},"datePublished":"2023-01-07T11:11:27+00:00","dateModified":"2023-01-16T06:46:19+00:00","breadcrumb":{"@id":"https:\/\/neuromarketinglab.eu\/?page_id=6971&lang=sk#breadcrumb"},"inLanguage":"en-GB","potentialAction":[{"@type":"ReadAction","target":["https:\/\/neuromarketinglab.eu\/?page_id=6971&lang=sk"]}]},{"@type":"BreadcrumbList","@id":"https:\/\/neuromarketinglab.eu\/?page_id=6971&lang=sk#breadcrumb","itemListElement":[{"@type":"ListItem","position":1,"name":"Home","item":"https:\/\/neuromarketinglab.eu\/"},{"@type":"ListItem","position":2,"name":"O laborat\u00f3riu","item":"http:\/\/neuromarketinglab.eu\/?page_id=6967&lang=sk"},{"@type":"ListItem","position":3,"name":"Pr\u00edstrojov\u00e1 infra\u0161trukt\u00fara"}]},{"@type":"WebSite","@id":"https:\/\/neuromarketinglab.eu\/#website","url":"https:\/\/neuromarketinglab.eu\/","name":"NeuromarketingLab","description":"","publisher":{"@id":"https:\/\/neuromarketinglab.eu\/#organization"},"potentialAction":[{"@type":"SearchAction","target":{"@type":"EntryPoint","urlTemplate":"https:\/\/neuromarketinglab.eu\/?s={search_term_string}"},"query-input":{"@type":"PropertyValueSpecification","valueRequired":true,"valueName":"search_term_string"}}],"inLanguage":"en-GB"},{"@type":"Organization","@id":"https:\/\/neuromarketinglab.eu\/#organization","name":"NeuromarketingLab","url":"https:\/\/neuromarketinglab.eu\/","logo":{"@type":"ImageObject","inLanguage":"en-GB","@id":"https:\/\/neuromarketinglab.eu\/#\/schema\/logo\/image\/","url":"","contentUrl":"","caption":"NeuromarketingLab"},"image":{"@id":"https:\/\/neuromarketinglab.eu\/#\/schema\/logo\/image\/"}}]}},"_links":{"self":[{"href":"https:\/\/neuromarketinglab.eu\/index.php?rest_route=\/wp\/v2\/pages\/6971","targetHints":{"allow":["GET"]}}],"collection":[{"href":"https:\/\/neuromarketinglab.eu\/index.php?rest_route=\/wp\/v2\/pages"}],"about":[{"href":"https:\/\/neuromarketinglab.eu\/index.php?rest_route=\/wp\/v2\/types\/page"}],"author":[{"embeddable":true,"href":"https:\/\/neuromarketinglab.eu\/index.php?rest_route=\/wp\/v2\/users\/1"}],"replies":[{"embeddable":true,"href":"https:\/\/neuromarketinglab.eu\/index.php?rest_route=%2Fwp%2Fv2%2Fcomments&post=6971"}],"version-history":[{"count":2,"href":"https:\/\/neuromarketinglab.eu\/index.php?rest_route=\/wp\/v2\/pages\/6971\/revisions"}],"predecessor-version":[{"id":7076,"href":"https:\/\/neuromarketinglab.eu\/index.php?rest_route=\/wp\/v2\/pages\/6971\/revisions\/7076"}],"up":[{"embeddable":true,"href":"https:\/\/neuromarketinglab.eu\/index.php?rest_route=\/wp\/v2\/pages\/6967"}],"wp:attachment":[{"href":"https:\/\/neuromarketinglab.eu\/index.php?rest_route=%2Fwp%2Fv2%2Fmedia&parent=6971"}],"curies":[{"name":"wp","href":"https:\/\/api.w.org\/{rel}","templated":true}]}}