{"id":6982,"date":"2023-01-07T11:20:02","date_gmt":"2023-01-07T11:20:02","guid":{"rendered":"http:\/\/neuromarketinglab.eu\/?page_id=6982"},"modified":"2023-01-16T06:46:41","modified_gmt":"2023-01-16T06:46:41","slug":"podnikatelia-a-odborna-verejnost","status":"publish","type":"page","link":"https:\/\/neuromarketinglab.eu\/?page_id=6982&lang=sk","title":{"rendered":"Podnikatelia a odborn\u00e1 verejnos\u0165"},"content":{"rendered":"<p>[vc_row][vc_column width=&#8221;1\/2&#8243;][vc_column_text]<\/p>\n<div>\n<div>\n<div>Cie\u013eom Laborat\u00f3ria spotrebite\u013esk\u00fdch \u0161t\u00fadi\u00ed na Fakulte ekonomiky a mana\u017ementu Slovenskej po\u013enohospod\u00e1rskej univerzite v Nitre je\u00a0 posun\u00fa\u0165 v\u00fdskum a vzdel\u00e1vanie na Slovensku na vy\u0161\u0161\u00ed level v oblastiach:<\/div>\n<div>\n<ul>\n<li>obchodu<\/li>\n<li>marketingu<\/li>\n<li>mana\u017ementu<\/li>\n<li>ekon\u00f3mie<\/li>\n<\/ul>\n<\/div>\n<\/div>\n<\/div>\n<p>[\/vc_column_text]<div class=\"grve-element grve-align-center\"><a href=\"https:\/\/uniag1-my.sharepoint.com\/:b:\/g\/personal\/xbercik_uniag_sk\/EdXNZXTwE25MnN1gM2VgY1MB46_eyRlZBtqg9vHzkrtMmQ\" target=\"_blank\" class=\"grve-btn grve-btn-medium grve-square grve-bg-primary-1 grve-bg-hover-black grve-btn-line\"><span><i class=\"fas fa-download\"><\/i>Detailn\u00e1 ponuka slu\u017eieb na stiahnutie<\/span><\/a><\/div>[\/vc_column][vc_column width=&#8221;1\/2&#8243;][vc_custom_heading text=&#8221;Kontaktn\u00fd formul\u00e1r pre dohodnutie konzult\u00e1cie\/ vytvorenie cenovej ponuky&#8221; font_container=&#8221;tag:h5|text_align:left&#8221;]<div role=\"form\" class=\"wpcf7\" id=\"wpcf7-f6983-o1\" lang=\"en-US\" dir=\"ltr\">\n<div class=\"screen-reader-response\"><p role=\"status\" aria-live=\"polite\" aria-atomic=\"true\"><\/p> <ul><\/ul><\/div>\n<form action=\"\/index.php?rest_route=%2Fwp%2Fv2%2Fpages%2F6982#wpcf7-f6983-o1\" method=\"post\" class=\"wpcf7-form init\" novalidate=\"novalidate\" data-status=\"init\">\n<div style=\"display: none;\">\n<input type=\"hidden\" name=\"_wpcf7\" value=\"6983\" \/>\n<input type=\"hidden\" name=\"_wpcf7_version\" value=\"5.6.4\" \/>\n<input type=\"hidden\" name=\"_wpcf7_locale\" value=\"en_US\" \/>\n<input type=\"hidden\" name=\"_wpcf7_unit_tag\" value=\"wpcf7-f6983-o1\" \/>\n<input type=\"hidden\" name=\"_wpcf7_container_post\" value=\"0\" \/>\n<input type=\"hidden\" name=\"_wpcf7_posted_data_hash\" value=\"\" \/>\n<\/div>\n<div class=\"grve-form-style-1 grve-form-dark\">\n<div class=\"grve-one-half\"><span class=\"wpcf7-form-control-wrap\" data-name=\"your-name\"><input type=\"text\" name=\"your-name\" value=\"\" size=\"40\" class=\"wpcf7-form-control wpcf7-text wpcf7-validates-as-required\" aria-required=\"true\" aria-invalid=\"false\" placeholder=\"Meno\" \/><\/span><\/div>\n<div class=\"grve-one-half grve-last-column\"><span class=\"wpcf7-form-control-wrap\" data-name=\"your-email\"><input type=\"email\" name=\"your-email\" value=\"\" size=\"40\" class=\"wpcf7-form-control wpcf7-text wpcf7-email wpcf7-validates-as-required wpcf7-validates-as-email\" aria-required=\"true\" aria-invalid=\"false\" placeholder=\"E-mail\" \/><\/span><\/div>\n<div><span class=\"wpcf7-form-control-wrap\" data-name=\"your-subject\"><input type=\"text\" name=\"your-subject\" value=\"\" size=\"40\" class=\"wpcf7-form-control wpcf7-text wpcf7-validates-as-required\" aria-required=\"true\" aria-invalid=\"false\" placeholder=\"Predmet\" \/><\/span><\/div>\n<div><span class=\"wpcf7-form-control-wrap\" data-name=\"your-message\"><textarea name=\"your-message\" cols=\"40\" rows=\"10\" class=\"wpcf7-form-control wpcf7-textarea\" aria-invalid=\"false\" placeholder=\"Va\u0161a spr\u00e1va\"><\/textarea><\/span><\/div>\n<div class=\"grve-align-center\"><input type=\"submit\" value=\"Odosla\u0165\" class=\"wpcf7-form-control has-spinner wpcf7-submit\" \/><\/div>\n<\/div>\n<div class=\"wpcf7-response-output\" aria-hidden=\"true\"><\/div><\/form><\/div>[\/vc_column][\/vc_row]<\/p>\n","protected":false},"excerpt":{"rendered":"<p>[vc_row][vc_column width=&#8221;1\/2&#8243;][vc_column_text] Cie\u013eom Laborat\u00f3ria spotrebite\u013esk\u00fdch \u0161t\u00fadi\u00ed na Fakulte ekonomiky a mana\u017ementu Slovenskej po\u013enohospod\u00e1rskej univerzite v Nitre je\u00a0 posun\u00fa\u0165 v\u00fdskum a vzdel\u00e1vanie na Slovensku na vy\u0161\u0161\u00ed level v oblastiach: obchodu marketingu mana\u017ementu ekon\u00f3mie [\/vc_column_text][\/vc_column][vc_column width=&#8221;1\/2&#8243;][vc_custom_heading text=&#8221;Kontaktn\u00fd formul\u00e1r pre dohodnutie konzult\u00e1cie\/ vytvorenie cenovej ponuky&#8221; font_container=&#8221;tag:h5|text_align:left&#8221;][\/vc_column][\/vc_row]<\/p>\n","protected":false},"author":1,"featured_media":0,"parent":0,"menu_order":0,"comment_status":"closed","ping_status":"closed","template":"","meta":{"footnotes":""},"class_list":["post-6982","page","type-page","status-publish","hentry"],"yoast_head":"<!-- This site is optimized with the Yoast SEO plugin v24.9 - https:\/\/yoast.com\/wordpress\/plugins\/seo\/ -->\n<title>Podnikatelia a odborn\u00e1 verejnos\u0165 - NeuromarketingLab<\/title>\n<meta name=\"robots\" content=\"noindex, follow, max-snippet:-1, max-image-preview:large, max-video-preview:-1\" \/>\n<meta property=\"og:locale\" content=\"en_GB\" \/>\n<meta property=\"og:type\" content=\"article\" \/>\n<meta property=\"og:title\" content=\"Podnikatelia a odborn\u00e1 verejnos\u0165 - NeuromarketingLab\" \/>\n<meta property=\"og:description\" content=\"[vc_row][vc_column width=&#8221;1\/2&#8243;][vc_column_text] Cie\u013eom Laborat\u00f3ria spotrebite\u013esk\u00fdch \u0161t\u00fadi\u00ed na Fakulte ekonomiky a mana\u017ementu Slovenskej po\u013enohospod\u00e1rskej univerzite v Nitre je\u00a0 posun\u00fa\u0165 v\u00fdskum a vzdel\u00e1vanie na Slovensku na vy\u0161\u0161\u00ed level v oblastiach: obchodu marketingu mana\u017ementu ekon\u00f3mie [\/vc_column_text][\/vc_column][vc_column width=&#8221;1\/2&#8243;][vc_custom_heading text=&#8221;Kontaktn\u00fd formul\u00e1r pre dohodnutie konzult\u00e1cie\/ vytvorenie cenovej ponuky&#8221; font_container=&#8221;tag:h5|text_align:left&#8221;][\/vc_column][\/vc_row]\" \/>\n<meta property=\"og:url\" content=\"https:\/\/neuromarketinglab.eu\/?page_id=6982&amp;lang=sk\" \/>\n<meta property=\"og:site_name\" content=\"NeuromarketingLab\" \/>\n<meta property=\"article:modified_time\" content=\"2023-01-16T06:46:41+00:00\" \/>\n<meta name=\"twitter:card\" content=\"summary_large_image\" \/>\n<meta name=\"twitter:label1\" content=\"Estimated reading time\" \/>\n\t<meta name=\"twitter:data1\" content=\"1 minute\" \/>\n<script type=\"application\/ld+json\" class=\"yoast-schema-graph\">{\"@context\":\"https:\/\/schema.org\",\"@graph\":[{\"@type\":\"WebPage\",\"@id\":\"https:\/\/neuromarketinglab.eu\/?page_id=6982&lang=sk\",\"url\":\"https:\/\/neuromarketinglab.eu\/?page_id=6982&lang=sk\",\"name\":\"Podnikatelia a odborn\u00e1 verejnos\u0165 - NeuromarketingLab\",\"isPartOf\":{\"@id\":\"https:\/\/neuromarketinglab.eu\/#website\"},\"datePublished\":\"2023-01-07T11:20:02+00:00\",\"dateModified\":\"2023-01-16T06:46:41+00:00\",\"breadcrumb\":{\"@id\":\"https:\/\/neuromarketinglab.eu\/?page_id=6982&lang=sk#breadcrumb\"},\"inLanguage\":\"en-GB\",\"potentialAction\":[{\"@type\":\"ReadAction\",\"target\":[\"https:\/\/neuromarketinglab.eu\/?page_id=6982&lang=sk\"]}]},{\"@type\":\"BreadcrumbList\",\"@id\":\"https:\/\/neuromarketinglab.eu\/?page_id=6982&lang=sk#breadcrumb\",\"itemListElement\":[{\"@type\":\"ListItem\",\"position\":1,\"name\":\"Home\",\"item\":\"https:\/\/neuromarketinglab.eu\/\"},{\"@type\":\"ListItem\",\"position\":2,\"name\":\"Podnikatelia a odborn\u00e1 verejnos\u0165\"}]},{\"@type\":\"WebSite\",\"@id\":\"https:\/\/neuromarketinglab.eu\/#website\",\"url\":\"https:\/\/neuromarketinglab.eu\/\",\"name\":\"NeuromarketingLab\",\"description\":\"\",\"publisher\":{\"@id\":\"https:\/\/neuromarketinglab.eu\/#organization\"},\"potentialAction\":[{\"@type\":\"SearchAction\",\"target\":{\"@type\":\"EntryPoint\",\"urlTemplate\":\"https:\/\/neuromarketinglab.eu\/?s={search_term_string}\"},\"query-input\":{\"@type\":\"PropertyValueSpecification\",\"valueRequired\":true,\"valueName\":\"search_term_string\"}}],\"inLanguage\":\"en-GB\"},{\"@type\":\"Organization\",\"@id\":\"https:\/\/neuromarketinglab.eu\/#organization\",\"name\":\"NeuromarketingLab\",\"url\":\"https:\/\/neuromarketinglab.eu\/\",\"logo\":{\"@type\":\"ImageObject\",\"inLanguage\":\"en-GB\",\"@id\":\"https:\/\/neuromarketinglab.eu\/#\/schema\/logo\/image\/\",\"url\":\"\",\"contentUrl\":\"\",\"caption\":\"NeuromarketingLab\"},\"image\":{\"@id\":\"https:\/\/neuromarketinglab.eu\/#\/schema\/logo\/image\/\"}}]}<\/script>\n<!-- \/ Yoast SEO plugin. -->","yoast_head_json":{"title":"Podnikatelia a odborn\u00e1 verejnos\u0165 - NeuromarketingLab","robots":{"index":"noindex","follow":"follow","max-snippet":"max-snippet:-1","max-image-preview":"max-image-preview:large","max-video-preview":"max-video-preview:-1"},"og_locale":"en_GB","og_type":"article","og_title":"Podnikatelia a odborn\u00e1 verejnos\u0165 - NeuromarketingLab","og_description":"[vc_row][vc_column width=&#8221;1\/2&#8243;][vc_column_text] Cie\u013eom Laborat\u00f3ria spotrebite\u013esk\u00fdch \u0161t\u00fadi\u00ed na Fakulte ekonomiky a mana\u017ementu Slovenskej po\u013enohospod\u00e1rskej univerzite v Nitre je\u00a0 posun\u00fa\u0165 v\u00fdskum a vzdel\u00e1vanie na Slovensku na vy\u0161\u0161\u00ed level v oblastiach: obchodu marketingu mana\u017ementu ekon\u00f3mie [\/vc_column_text][\/vc_column][vc_column width=&#8221;1\/2&#8243;][vc_custom_heading text=&#8221;Kontaktn\u00fd formul\u00e1r pre dohodnutie konzult\u00e1cie\/ vytvorenie cenovej ponuky&#8221; font_container=&#8221;tag:h5|text_align:left&#8221;][\/vc_column][\/vc_row]","og_url":"https:\/\/neuromarketinglab.eu\/?page_id=6982&lang=sk","og_site_name":"NeuromarketingLab","article_modified_time":"2023-01-16T06:46:41+00:00","twitter_card":"summary_large_image","twitter_misc":{"Estimated reading time":"1 minute"},"schema":{"@context":"https:\/\/schema.org","@graph":[{"@type":"WebPage","@id":"https:\/\/neuromarketinglab.eu\/?page_id=6982&lang=sk","url":"https:\/\/neuromarketinglab.eu\/?page_id=6982&lang=sk","name":"Podnikatelia a odborn\u00e1 verejnos\u0165 - NeuromarketingLab","isPartOf":{"@id":"https:\/\/neuromarketinglab.eu\/#website"},"datePublished":"2023-01-07T11:20:02+00:00","dateModified":"2023-01-16T06:46:41+00:00","breadcrumb":{"@id":"https:\/\/neuromarketinglab.eu\/?page_id=6982&lang=sk#breadcrumb"},"inLanguage":"en-GB","potentialAction":[{"@type":"ReadAction","target":["https:\/\/neuromarketinglab.eu\/?page_id=6982&lang=sk"]}]},{"@type":"BreadcrumbList","@id":"https:\/\/neuromarketinglab.eu\/?page_id=6982&lang=sk#breadcrumb","itemListElement":[{"@type":"ListItem","position":1,"name":"Home","item":"https:\/\/neuromarketinglab.eu\/"},{"@type":"ListItem","position":2,"name":"Podnikatelia a odborn\u00e1 verejnos\u0165"}]},{"@type":"WebSite","@id":"https:\/\/neuromarketinglab.eu\/#website","url":"https:\/\/neuromarketinglab.eu\/","name":"NeuromarketingLab","description":"","publisher":{"@id":"https:\/\/neuromarketinglab.eu\/#organization"},"potentialAction":[{"@type":"SearchAction","target":{"@type":"EntryPoint","urlTemplate":"https:\/\/neuromarketinglab.eu\/?s={search_term_string}"},"query-input":{"@type":"PropertyValueSpecification","valueRequired":true,"valueName":"search_term_string"}}],"inLanguage":"en-GB"},{"@type":"Organization","@id":"https:\/\/neuromarketinglab.eu\/#organization","name":"NeuromarketingLab","url":"https:\/\/neuromarketinglab.eu\/","logo":{"@type":"ImageObject","inLanguage":"en-GB","@id":"https:\/\/neuromarketinglab.eu\/#\/schema\/logo\/image\/","url":"","contentUrl":"","caption":"NeuromarketingLab"},"image":{"@id":"https:\/\/neuromarketinglab.eu\/#\/schema\/logo\/image\/"}}]}},"_links":{"self":[{"href":"https:\/\/neuromarketinglab.eu\/index.php?rest_route=\/wp\/v2\/pages\/6982","targetHints":{"allow":["GET"]}}],"collection":[{"href":"https:\/\/neuromarketinglab.eu\/index.php?rest_route=\/wp\/v2\/pages"}],"about":[{"href":"https:\/\/neuromarketinglab.eu\/index.php?rest_route=\/wp\/v2\/types\/page"}],"author":[{"embeddable":true,"href":"https:\/\/neuromarketinglab.eu\/index.php?rest_route=\/wp\/v2\/users\/1"}],"replies":[{"embeddable":true,"href":"https:\/\/neuromarketinglab.eu\/index.php?rest_route=%2Fwp%2Fv2%2Fcomments&post=6982"}],"version-history":[{"count":2,"href":"https:\/\/neuromarketinglab.eu\/index.php?rest_route=\/wp\/v2\/pages\/6982\/revisions"}],"predecessor-version":[{"id":7077,"href":"https:\/\/neuromarketinglab.eu\/index.php?rest_route=\/wp\/v2\/pages\/6982\/revisions\/7077"}],"wp:attachment":[{"href":"https:\/\/neuromarketinglab.eu\/index.php?rest_route=%2Fwp%2Fv2%2Fmedia&parent=6982"}],"curies":[{"name":"wp","href":"https:\/\/api.w.org\/{rel}","templated":true}]}}