{"id":6993,"date":"2023-01-07T11:25:25","date_gmt":"2023-01-07T11:25:25","guid":{"rendered":"http:\/\/neuromarketinglab.eu\/?page_id=6993"},"modified":"2025-05-17T13:36:24","modified_gmt":"2025-05-17T12:36:24","slug":"komercne-projekty","status":"publish","type":"page","link":"https:\/\/neuromarketinglab.eu\/?page_id=6993&lang=sk","title":{"rendered":"Komer\u010dn\u00e9 projekty"},"content":{"rendered":"<p>[vc_row][vc_column][vc_column_text]<\/p>\n<div>1.Exkluz\u00edvny kvalitat\u00edvny ad-hoc prieskum vn\u00edmania a\u00a0ch\u00e1pania inform\u00e1ci\u00ed uveden\u00fdch na podstr\u00e1nke objedn\u00e1vate\u013ea Nutri-Score,2020<\/div>\n<div><\/div>\n<div><\/div>\n<div><span style=\"color: black; font-family: Calibri,Arial,Helvetica,sans-serif;\">2.Exkluz\u00edvny kvalitat\u00edvny ad-hoc prieskum vn\u00edmania a\u00a0ch\u00e1pania inform\u00e1ci\u00ed uveden\u00fdch na podstr\u00e1nke objedn\u00e1vate\u013ea Nutri-Score,2020<\/span><\/div>\n<div><\/div>\n<div>3.Online spotrebite\u013esk\u00fd prieskum v\u00a0oblasti ozna\u010dovania potrav\u00edn na prednej strane obalu na vzorke, vr\u00e1tane anal\u00fdzy v\u00fdsledkov prieskumu,2021<\/div>\n<div><\/div>\n<div><span style=\"color: black; font-family: Calibri,Arial,Helvetica,sans-serif;\">4.Marketingov\u00e1 \u0161t\u00fadia vyu\u017eitia retro zna\u010diek pri predaji m\u00e4sov\u00fdch v\u00fdrobkov,2022\u00a0<\/span><\/div>\n<div><\/div>\n<div>\n<div class=\"x_elementToProof\" data-olk-copy-source=\"MessageBody\"><a id=\"LPlnkOWA7f64cb5e-3067-5f0e-d476-c28058f9b158\" class=\"x_OWAAutoLink x_elementToProof\" title=\"https:\/\/is.uniag.sk\/auth\/vv\/projekty.pl?zpet=;projekt=27364;podrobnosti=1\" href=\"https:\/\/is.uniag.sk\/vv\/projekty.pl?zpet=;projekt=27364;podrobnosti=1\" target=\"_blank\" rel=\"noopener noreferrer\" data-auth=\"NotApplicable\" data-linkindex=\"0\">5. Kvalitat\u00edvna anal\u00fdza emocion\u00e1lnych faktorov pri n\u00e1kupnom rozhodovan\u00ed a vn\u00edman\u00ed zna\u010dky a USP produktu SOMAVEDIC<\/a>, 2024<\/div>\n<div data-olk-copy-source=\"MessageBody\"><\/div>\n<div><a id=\"LPlnkOWA57350f1a-1b88-db86-7b5e-99f3ce9aae11\" class=\"x_OWAAutoLink x_elementToProof\" title=\"https:\/\/is.uniag.sk\/auth\/vv\/projekty.pl?zpet=;projekt=27983;podrobnosti=1\" href=\"https:\/\/is.uniag.sk\/vv\/projekty.pl?zpet=;projekt=27983;podrobnosti=1\" target=\"_blank\" rel=\"noopener noreferrer\" data-auth=\"NotApplicable\" data-linkindex=\"1\">6. Marketingov\u00e1 \u0161t\u00fadia vn\u00edmania portf\u00f3lia produktov spolo\u010dnosti Staton<\/a>, 2024<\/div>\n<div><\/div>\n<div><a id=\"LPlnkOWA20080a2f-f2ad-8072-7670-6bf54fb44cb9\" class=\"x_OWAAutoLink x_elementToProof\" title=\"https:\/\/is.uniag.sk\/auth\/vv\/projekty.pl?zpet=;projekt=28903;podrobnosti=1\" href=\"https:\/\/is.uniag.sk\/vv\/projekty.pl?zpet=;projekt=28903;podrobnosti=1\" target=\"_blank\" rel=\"noopener noreferrer\" data-auth=\"NotApplicable\" data-linkindex=\"2\">7. Neuromarketingov\u00fd v\u00fdskum \u201eKvalitat\u00edvna anal\u00fdza vizu\u00e1lneho a emocion\u00e1lneho vn\u00edmania webovej str\u00e1nky pripoisti.sk\u201c<\/a>\u00a0,2025<\/div>\n<\/div>\n<p>[\/vc_column_text]\t\t<div class=\"grve-element grve-style-2 grve-blog grve-blog-columns grve-blog-masonry grve-isotope grve-with-gap\" style=\"\" data-columns=\"3\" data-columns-tablet-landscape=\"2\" data-columns-tablet-portrait=\"2\" data-columns-mobile=\"1\" data-layout=\"masonry\" data-spinner=\"no\" data-gutter-size=\"40\">\r\n\t\t\t<div class=\"grve-isotope-container\">\r\n\t\t\t<article id=\"post-7185\" class=\"grve-blog-item grve-isotope-item post-7185 post type-post status-publish format-standard hentry category-komercny-vyskum\" itemscope itemType=\"http:\/\/schema.org\/BlogPosting\">\r\n\t\t\t\t<div class=\"grve-isotope-item-inner grve-zoomIn\">\r\n\t\t\t\t\t\t\t\t\t\t\t\t\t\t\t\t\t<div class=\"grve-post-content\">\r\n\t\t\t\t\t\t\t\t\t\t\t\t\t\t<a href=\"https:\/\/neuromarketinglab.eu\/?p=7185&#038;lang=sk\" rel=\"bookmark\"><h4 class=\"grve-post-title grve-text-hover-primary-1 grve-h3\" itemprop=\"headline\">Testovanie eduka\u010dn\u00fdch vide\u00ed pre spolo\u010dnos\u0165 Kaufland: ako mlad\u00ed vn\u00edmaj\u00fa Nutri-Score<\/h4><\/a>\t\t\t\t\t\t\t\t\t<span class=\"grve-hidden\">\r\n\t\t\t<span class=\"grve-structured-data entry-title\">Testovanie eduka\u010dn\u00fdch vide\u00ed pre spolo\u010dnos\u0165 Kaufland: ako mlad\u00ed vn\u00edmaj\u00fa Nutri-Score<\/span>\r\n\t\t\t<span class=\"grve-structured-data\" itemprop=\"image\" itemscope itemtype=\"http:\/\/schema.org\/ImageObject\">\r\n\t\t\t   <span itemprop='url' >https:\/\/neuromarketinglab.eu\/wp-content\/themes\/blade\/images\/empty\/thumbnail.jpg<\/span>\r\n\t\t\t   <span itemprop='height' >150<\/span>\r\n\t\t\t   <span itemprop='width' >150<\/span>\r\n\t\t\t<\/span>\r\n\t\t\t\t\t\t<span class=\"grve-structured-data vcard author\" itemprop=\"author\" itemscope itemtype=\"http:\/\/schema.org\/Person\">\r\n\t\t\t\t<span itemprop=\"name\" class=\"fn\">filip<\/span>\r\n\t\t\t<\/span>\r\n\t\t\t<span class=\"grve-structured-data\" itemprop=\"publisher\" itemscope itemtype=\"http:\/\/schema.org\/Organization\">\r\n\t\t\t\t<span itemprop='name'>filip<\/span>\r\n\t\t\t\t<span itemprop='logo' itemscope itemtype='http:\/\/schema.org\/ImageObject'>\r\n\t\t\t\t\t<span itemprop='url'>https:\/\/secure.gravatar.com\/avatar\/c7aebedc8f6ca9c625bd2177a5c474fe8cb58cee11ce5dc0f1796b049d2af50d?s=96&#038;d=mm&#038;r=g<\/span>\r\n\t\t\t\t<\/span>\r\n\t\t\t<\/span>\r\n\t\t\t\t\t\t<time class=\"grve-structured-data date published\" itemprop=\"datePublished\" datetime=\"2022-04-28T13:22:42+01:00\">28 April 2022<\/time>\r\n\t\t\t<time class=\"grve-structured-data date updated\" itemprop=\"dateModified\"  datetime=\"2025-05-24T15:23:03+01:00\">24 May 2025<\/time>\r\n\t\t\t<span class=\"grve-structured-data\" itemprop=\"mainEntityOfPage\" itemscope itemtype=\"http:\/\/schema.org\/WebPage\" itemid=\"https:\/\/neuromarketinglab.eu\/?p=7185&#038;lang=sk\"><\/span>\r\n\t\t<\/span><!-- END grve-hidden -->\r\n\t\t\t\t\t\t\t\t<div itemprop=\"articleBody\"><p>V spolupr\u00e1ci so spolo\u010dnos\u0165ou Kaufland Slovensk\u00e1 republika sme v Laborat\u00f3riu&hellip;<\/p><\/div>\t\t\t\t\t\t\t\t\t\t\t\t\t\t<div class=\"grve-post-meta-wrapper grve-border-top grve-border \">\r\n\t\t\t\t\t\t\t\t<div class=\"grve-post-icon grve-bg-primary-1\"><\/div>\r\n\t\t\t\t\t\t\t\t<ul class=\"grve-post-meta grve-small-text grve-list-divider grve-text-content\">\r\n\t\t\t\t\t\t\t\t\t\t<li class=\"grve-post-author\">\r\n\t\t\t<span>By: <\/span><span><a href=\"https:\/\/neuromarketinglab.eu\/?author=1\" title=\"Posts by filip\" rel=\"author\">filip<\/a><\/span>\r\n\t\t<\/li>\r\n\t\t<li class=\"grve-post-date\">\r\n\t\t\t<time class=\"grve-post-date\" datetime=\"2022-04-28T13:22:42+01:00\">\r\n\t\t\t\t28 April 2022\t\t\t<\/time>\r\n\t\t<\/li>\r\n\t<li class=\"grve-post-comments\"><a href=\"https:\/\/neuromarketinglab.eu\/?p=7185&#038;lang=sk#commentform\"><i class=\"fa fa-comment-o\"><\/i> 0<\/a><\/li>\r\n\t\t\t\t\t\t\t\t<\/ul>\r\n\t\t\t\t\t\t\t<\/div>\r\n\t\t\t\t\t\t\t\t\t\t\t\t\t<\/div>\r\n\t\t\t\t\t\r\n\t\t\t\t<\/div>\t\t\t<\/article>\r\n\r\n\t\t\t<article id=\"post-7173\" class=\"grve-blog-item grve-isotope-item post-7173 post type-post status-publish format-standard hentry category-komercny-vyskum\" itemscope itemType=\"http:\/\/schema.org\/BlogPosting\">\r\n\t\t\t\t<div class=\"grve-isotope-item-inner grve-zoomIn\">\r\n\t\t\t\t\t\t\t\t\t\t\t\t\t\t\t\t\t<div class=\"grve-post-content\">\r\n\t\t\t\t\t\t\t\t\t\t\t\t\t\t<a href=\"https:\/\/neuromarketinglab.eu\/?p=7173&#038;lang=sk\" rel=\"bookmark\"><h4 class=\"grve-post-title grve-text-hover-primary-1 grve-h3\" itemprop=\"headline\">V\u00fdskum vn\u00edmania v\u00fd\u017eivov\u00e9ho ozna\u010dovania potrav\u00edn: Nutri-Score verzus NutriInform<\/h4><\/a>\t\t\t\t\t\t\t\t\t<span class=\"grve-hidden\">\r\n\t\t\t<span class=\"grve-structured-data entry-title\">V\u00fdskum vn\u00edmania v\u00fd\u017eivov\u00e9ho ozna\u010dovania potrav\u00edn: Nutri-Score verzus NutriInform<\/span>\r\n\t\t\t<span class=\"grve-structured-data\" itemprop=\"image\" itemscope itemtype=\"http:\/\/schema.org\/ImageObject\">\r\n\t\t\t   <span itemprop='url' >https:\/\/neuromarketinglab.eu\/wp-content\/themes\/blade\/images\/empty\/thumbnail.jpg<\/span>\r\n\t\t\t   <span itemprop='height' >150<\/span>\r\n\t\t\t   <span itemprop='width' >150<\/span>\r\n\t\t\t<\/span>\r\n\t\t\t\t\t\t<span class=\"grve-structured-data vcard author\" itemprop=\"author\" itemscope itemtype=\"http:\/\/schema.org\/Person\">\r\n\t\t\t\t<span itemprop=\"name\" class=\"fn\">filip<\/span>\r\n\t\t\t<\/span>\r\n\t\t\t<span class=\"grve-structured-data\" itemprop=\"publisher\" itemscope itemtype=\"http:\/\/schema.org\/Organization\">\r\n\t\t\t\t<span itemprop='name'>filip<\/span>\r\n\t\t\t\t<span itemprop='logo' itemscope itemtype='http:\/\/schema.org\/ImageObject'>\r\n\t\t\t\t\t<span itemprop='url'>https:\/\/secure.gravatar.com\/avatar\/c7aebedc8f6ca9c625bd2177a5c474fe8cb58cee11ce5dc0f1796b049d2af50d?s=96&#038;d=mm&#038;r=g<\/span>\r\n\t\t\t\t<\/span>\r\n\t\t\t<\/span>\r\n\t\t\t\t\t\t<time class=\"grve-structured-data date published\" itemprop=\"datePublished\" datetime=\"2021-04-29T13:15:26+01:00\">29 April 2021<\/time>\r\n\t\t\t<time class=\"grve-structured-data date updated\" itemprop=\"dateModified\"  datetime=\"2025-05-24T15:36:48+01:00\">24 May 2025<\/time>\r\n\t\t\t<span class=\"grve-structured-data\" itemprop=\"mainEntityOfPage\" itemscope itemtype=\"http:\/\/schema.org\/WebPage\" itemid=\"https:\/\/neuromarketinglab.eu\/?p=7173&#038;lang=sk\"><\/span>\r\n\t\t<\/span><!-- END grve-hidden -->\r\n\t\t\t\t\t\t\t\t<div itemprop=\"articleBody\"><p>V Laborat\u00f3riu spotrebite\u013esk\u00fdch \u0161t\u00fadi\u00ed FEM SPU v Nitre sme realizovali&hellip;<\/p><\/div>\t\t\t\t\t\t\t\t\t\t\t\t\t\t<div class=\"grve-post-meta-wrapper grve-border-top grve-border \">\r\n\t\t\t\t\t\t\t\t<div class=\"grve-post-icon grve-bg-primary-1\"><\/div>\r\n\t\t\t\t\t\t\t\t<ul class=\"grve-post-meta grve-small-text grve-list-divider grve-text-content\">\r\n\t\t\t\t\t\t\t\t\t\t<li class=\"grve-post-author\">\r\n\t\t\t<span>By: <\/span><span><a href=\"https:\/\/neuromarketinglab.eu\/?author=1\" title=\"Posts by filip\" rel=\"author\">filip<\/a><\/span>\r\n\t\t<\/li>\r\n\t\t<li class=\"grve-post-date\">\r\n\t\t\t<time class=\"grve-post-date\" datetime=\"2021-04-29T13:15:26+01:00\">\r\n\t\t\t\t29 April 2021\t\t\t<\/time>\r\n\t\t<\/li>\r\n\t<li class=\"grve-post-comments\"><a href=\"https:\/\/neuromarketinglab.eu\/?p=7173&#038;lang=sk#commentform\"><i class=\"fa fa-comment-o\"><\/i> 0<\/a><\/li>\r\n\t\t\t\t\t\t\t\t<\/ul>\r\n\t\t\t\t\t\t\t<\/div>\r\n\t\t\t\t\t\t\t\t\t\t\t\t\t<\/div>\r\n\t\t\t\t\t\r\n\t\t\t\t<\/div>\t\t\t<\/article>\r\n\r\n\t\t\t<article id=\"post-7162\" class=\"grve-blog-item grve-isotope-item post-7162 post type-post status-publish format-standard hentry category-komercny-vyskum\" itemscope itemType=\"http:\/\/schema.org\/BlogPosting\">\r\n\t\t\t\t<div class=\"grve-isotope-item-inner grve-zoomIn\">\r\n\t\t\t\t\t\t\t\t\t\t\t\t\t\t\t\t\t<div class=\"grve-post-content\">\r\n\t\t\t\t\t\t\t\t\t\t\t\t\t\t<a href=\"https:\/\/neuromarketinglab.eu\/?p=7162&#038;lang=sk\" rel=\"bookmark\"><h4 class=\"grve-post-title grve-text-hover-primary-1 grve-h3\" itemprop=\"headline\">Ako z\u00e1kazn\u00edci vn\u00edmaj\u00fa Nutri-Score? V\u00fdskum webovej podstr\u00e1nky pre spolo\u010dnos\u0165 Kaufland<\/h4><\/a>\t\t\t\t\t\t\t\t\t<span class=\"grve-hidden\">\r\n\t\t\t<span class=\"grve-structured-data entry-title\">Ako z\u00e1kazn\u00edci vn\u00edmaj\u00fa Nutri-Score? V\u00fdskum webovej podstr\u00e1nky pre spolo\u010dnos\u0165 Kaufland<\/span>\r\n\t\t\t<span class=\"grve-structured-data\" itemprop=\"image\" itemscope itemtype=\"http:\/\/schema.org\/ImageObject\">\r\n\t\t\t   <span itemprop='url' >https:\/\/neuromarketinglab.eu\/wp-content\/themes\/blade\/images\/empty\/thumbnail.jpg<\/span>\r\n\t\t\t   <span itemprop='height' >150<\/span>\r\n\t\t\t   <span itemprop='width' >150<\/span>\r\n\t\t\t<\/span>\r\n\t\t\t\t\t\t<span class=\"grve-structured-data vcard author\" itemprop=\"author\" itemscope itemtype=\"http:\/\/schema.org\/Person\">\r\n\t\t\t\t<span itemprop=\"name\" class=\"fn\">filip<\/span>\r\n\t\t\t<\/span>\r\n\t\t\t<span class=\"grve-structured-data\" itemprop=\"publisher\" itemscope itemtype=\"http:\/\/schema.org\/Organization\">\r\n\t\t\t\t<span itemprop='name'>filip<\/span>\r\n\t\t\t\t<span itemprop='logo' itemscope itemtype='http:\/\/schema.org\/ImageObject'>\r\n\t\t\t\t\t<span itemprop='url'>https:\/\/secure.gravatar.com\/avatar\/c7aebedc8f6ca9c625bd2177a5c474fe8cb58cee11ce5dc0f1796b049d2af50d?s=96&#038;d=mm&#038;r=g<\/span>\r\n\t\t\t\t<\/span>\r\n\t\t\t<\/span>\r\n\t\t\t\t\t\t<time class=\"grve-structured-data date published\" itemprop=\"datePublished\" datetime=\"2020-12-07T13:08:38+00:00\">7 December 2020<\/time>\r\n\t\t\t<time class=\"grve-structured-data date updated\" itemprop=\"dateModified\"  datetime=\"2025-05-17T13:29:45+01:00\">17 May 2025<\/time>\r\n\t\t\t<span class=\"grve-structured-data\" itemprop=\"mainEntityOfPage\" itemscope itemtype=\"http:\/\/schema.org\/WebPage\" itemid=\"https:\/\/neuromarketinglab.eu\/?p=7162&#038;lang=sk\"><\/span>\r\n\t\t<\/span><!-- END grve-hidden -->\r\n\t\t\t\t\t\t\t\t<div itemprop=\"articleBody\"><p>V spolupr\u00e1ci so spolo\u010dnos\u0165ou Kaufland Slovensk\u00e1 republika sme v Laborat\u00f3riu&hellip;<\/p><\/div>\t\t\t\t\t\t\t\t\t\t\t\t\t\t<div class=\"grve-post-meta-wrapper grve-border-top grve-border \">\r\n\t\t\t\t\t\t\t\t<div class=\"grve-post-icon grve-bg-primary-1\"><\/div>\r\n\t\t\t\t\t\t\t\t<ul class=\"grve-post-meta grve-small-text grve-list-divider grve-text-content\">\r\n\t\t\t\t\t\t\t\t\t\t<li class=\"grve-post-author\">\r\n\t\t\t<span>By: <\/span><span><a href=\"https:\/\/neuromarketinglab.eu\/?author=1\" title=\"Posts by filip\" rel=\"author\">filip<\/a><\/span>\r\n\t\t<\/li>\r\n\t\t<li class=\"grve-post-date\">\r\n\t\t\t<time class=\"grve-post-date\" datetime=\"2020-12-07T13:08:38+00:00\">\r\n\t\t\t\t7 December 2020\t\t\t<\/time>\r\n\t\t<\/li>\r\n\t<li class=\"grve-post-comments\"><a href=\"https:\/\/neuromarketinglab.eu\/?p=7162&#038;lang=sk#commentform\"><i class=\"fa fa-comment-o\"><\/i> 0<\/a><\/li>\r\n\t\t\t\t\t\t\t\t<\/ul>\r\n\t\t\t\t\t\t\t<\/div>\r\n\t\t\t\t\t\t\t\t\t\t\t\t\t<\/div>\r\n\t\t\t\t\t\r\n\t\t\t\t<\/div>\t\t\t<\/article>\r\n\r\n\t\t\t<\/div>\r\n\t\t<\/div>\r\n[\/vc_column][\/vc_row]<\/p>\n","protected":false},"excerpt":{"rendered":"<p>[vc_row][vc_column][vc_column_text] 1.Exkluz\u00edvny kvalitat\u00edvny ad-hoc prieskum vn\u00edmania a\u00a0ch\u00e1pania inform\u00e1ci\u00ed uveden\u00fdch na podstr\u00e1nke objedn\u00e1vate\u013ea Nutri-Score,2020 2.Exkluz\u00edvny kvalitat\u00edvny ad-hoc prieskum vn\u00edmania a\u00a0ch\u00e1pania inform\u00e1ci\u00ed uveden\u00fdch na podstr\u00e1nke objedn\u00e1vate\u013ea Nutri-Score,2020 3.Online spotrebite\u013esk\u00fd prieskum v\u00a0oblasti ozna\u010dovania potrav\u00edn na prednej strane obalu na vzorke, vr\u00e1tane anal\u00fdzy v\u00fdsledkov prieskumu,2021 4.Marketingov\u00e1 \u0161t\u00fadia vyu\u017eitia retro zna\u010diek pri predaji m\u00e4sov\u00fdch v\u00fdrobkov,2022\u00a0 5. Kvalitat\u00edvna anal\u00fdza emocion\u00e1lnych faktorov [&hellip;]<\/p>\n","protected":false},"author":1,"featured_media":0,"parent":0,"menu_order":0,"comment_status":"closed","ping_status":"closed","template":"","meta":{"footnotes":""},"class_list":["post-6993","page","type-page","status-publish","hentry"],"yoast_head":"<!-- This site is optimized with the Yoast SEO plugin v24.9 - https:\/\/yoast.com\/wordpress\/plugins\/seo\/ -->\n<title>Komer\u010dn\u00e9 projekty - NeuromarketingLab<\/title>\n<meta name=\"robots\" content=\"noindex, follow, max-snippet:-1, max-image-preview:large, max-video-preview:-1\" \/>\n<meta property=\"og:locale\" content=\"en_GB\" \/>\n<meta property=\"og:type\" content=\"article\" \/>\n<meta property=\"og:title\" content=\"Komer\u010dn\u00e9 projekty - NeuromarketingLab\" \/>\n<meta property=\"og:description\" content=\"[vc_row][vc_column][vc_column_text] 1.Exkluz\u00edvny kvalitat\u00edvny ad-hoc prieskum vn\u00edmania a\u00a0ch\u00e1pania inform\u00e1ci\u00ed uveden\u00fdch na podstr\u00e1nke objedn\u00e1vate\u013ea Nutri-Score,2020 2.Exkluz\u00edvny kvalitat\u00edvny ad-hoc prieskum vn\u00edmania a\u00a0ch\u00e1pania inform\u00e1ci\u00ed uveden\u00fdch na podstr\u00e1nke objedn\u00e1vate\u013ea Nutri-Score,2020 3.Online spotrebite\u013esk\u00fd prieskum v\u00a0oblasti ozna\u010dovania potrav\u00edn na prednej strane obalu na vzorke, vr\u00e1tane anal\u00fdzy v\u00fdsledkov prieskumu,2021 4.Marketingov\u00e1 \u0161t\u00fadia vyu\u017eitia retro zna\u010diek pri predaji m\u00e4sov\u00fdch v\u00fdrobkov,2022\u00a0 5. Kvalitat\u00edvna anal\u00fdza emocion\u00e1lnych faktorov [&hellip;]\" \/>\n<meta property=\"og:url\" content=\"https:\/\/neuromarketinglab.eu\/?page_id=6993&amp;lang=sk\" \/>\n<meta property=\"og:site_name\" content=\"NeuromarketingLab\" \/>\n<meta property=\"article:modified_time\" content=\"2025-05-17T12:36:24+00:00\" \/>\n<meta name=\"twitter:card\" content=\"summary_large_image\" \/>\n<meta name=\"twitter:label1\" content=\"Estimated reading time\" \/>\n\t<meta name=\"twitter:data1\" content=\"1 minute\" \/>\n<script type=\"application\/ld+json\" class=\"yoast-schema-graph\">{\"@context\":\"https:\/\/schema.org\",\"@graph\":[{\"@type\":\"WebPage\",\"@id\":\"https:\/\/neuromarketinglab.eu\/?page_id=6993&lang=sk\",\"url\":\"https:\/\/neuromarketinglab.eu\/?page_id=6993&lang=sk\",\"name\":\"Komer\u010dn\u00e9 projekty - NeuromarketingLab\",\"isPartOf\":{\"@id\":\"https:\/\/neuromarketinglab.eu\/#website\"},\"datePublished\":\"2023-01-07T11:25:25+00:00\",\"dateModified\":\"2025-05-17T12:36:24+00:00\",\"breadcrumb\":{\"@id\":\"https:\/\/neuromarketinglab.eu\/?page_id=6993&lang=sk#breadcrumb\"},\"inLanguage\":\"en-GB\",\"potentialAction\":[{\"@type\":\"ReadAction\",\"target\":[\"https:\/\/neuromarketinglab.eu\/?page_id=6993&lang=sk\"]}]},{\"@type\":\"BreadcrumbList\",\"@id\":\"https:\/\/neuromarketinglab.eu\/?page_id=6993&lang=sk#breadcrumb\",\"itemListElement\":[{\"@type\":\"ListItem\",\"position\":1,\"name\":\"Home\",\"item\":\"https:\/\/neuromarketinglab.eu\/\"},{\"@type\":\"ListItem\",\"position\":2,\"name\":\"Komer\u010dn\u00e9 projekty\"}]},{\"@type\":\"WebSite\",\"@id\":\"https:\/\/neuromarketinglab.eu\/#website\",\"url\":\"https:\/\/neuromarketinglab.eu\/\",\"name\":\"NeuromarketingLab\",\"description\":\"\",\"publisher\":{\"@id\":\"https:\/\/neuromarketinglab.eu\/#organization\"},\"potentialAction\":[{\"@type\":\"SearchAction\",\"target\":{\"@type\":\"EntryPoint\",\"urlTemplate\":\"https:\/\/neuromarketinglab.eu\/?s={search_term_string}\"},\"query-input\":{\"@type\":\"PropertyValueSpecification\",\"valueRequired\":true,\"valueName\":\"search_term_string\"}}],\"inLanguage\":\"en-GB\"},{\"@type\":\"Organization\",\"@id\":\"https:\/\/neuromarketinglab.eu\/#organization\",\"name\":\"NeuromarketingLab\",\"url\":\"https:\/\/neuromarketinglab.eu\/\",\"logo\":{\"@type\":\"ImageObject\",\"inLanguage\":\"en-GB\",\"@id\":\"https:\/\/neuromarketinglab.eu\/#\/schema\/logo\/image\/\",\"url\":\"\",\"contentUrl\":\"\",\"caption\":\"NeuromarketingLab\"},\"image\":{\"@id\":\"https:\/\/neuromarketinglab.eu\/#\/schema\/logo\/image\/\"}}]}<\/script>\n<!-- \/ Yoast SEO plugin. -->","yoast_head_json":{"title":"Komer\u010dn\u00e9 projekty - NeuromarketingLab","robots":{"index":"noindex","follow":"follow","max-snippet":"max-snippet:-1","max-image-preview":"max-image-preview:large","max-video-preview":"max-video-preview:-1"},"og_locale":"en_GB","og_type":"article","og_title":"Komer\u010dn\u00e9 projekty - NeuromarketingLab","og_description":"[vc_row][vc_column][vc_column_text] 1.Exkluz\u00edvny kvalitat\u00edvny ad-hoc prieskum vn\u00edmania a\u00a0ch\u00e1pania inform\u00e1ci\u00ed uveden\u00fdch na podstr\u00e1nke objedn\u00e1vate\u013ea Nutri-Score,2020 2.Exkluz\u00edvny kvalitat\u00edvny ad-hoc prieskum vn\u00edmania a\u00a0ch\u00e1pania inform\u00e1ci\u00ed uveden\u00fdch na podstr\u00e1nke objedn\u00e1vate\u013ea Nutri-Score,2020 3.Online spotrebite\u013esk\u00fd prieskum v\u00a0oblasti ozna\u010dovania potrav\u00edn na prednej strane obalu na vzorke, vr\u00e1tane anal\u00fdzy v\u00fdsledkov prieskumu,2021 4.Marketingov\u00e1 \u0161t\u00fadia vyu\u017eitia retro zna\u010diek pri predaji m\u00e4sov\u00fdch v\u00fdrobkov,2022\u00a0 5. Kvalitat\u00edvna anal\u00fdza emocion\u00e1lnych faktorov [&hellip;]","og_url":"https:\/\/neuromarketinglab.eu\/?page_id=6993&lang=sk","og_site_name":"NeuromarketingLab","article_modified_time":"2025-05-17T12:36:24+00:00","twitter_card":"summary_large_image","twitter_misc":{"Estimated reading time":"1 minute"},"schema":{"@context":"https:\/\/schema.org","@graph":[{"@type":"WebPage","@id":"https:\/\/neuromarketinglab.eu\/?page_id=6993&lang=sk","url":"https:\/\/neuromarketinglab.eu\/?page_id=6993&lang=sk","name":"Komer\u010dn\u00e9 projekty - NeuromarketingLab","isPartOf":{"@id":"https:\/\/neuromarketinglab.eu\/#website"},"datePublished":"2023-01-07T11:25:25+00:00","dateModified":"2025-05-17T12:36:24+00:00","breadcrumb":{"@id":"https:\/\/neuromarketinglab.eu\/?page_id=6993&lang=sk#breadcrumb"},"inLanguage":"en-GB","potentialAction":[{"@type":"ReadAction","target":["https:\/\/neuromarketinglab.eu\/?page_id=6993&lang=sk"]}]},{"@type":"BreadcrumbList","@id":"https:\/\/neuromarketinglab.eu\/?page_id=6993&lang=sk#breadcrumb","itemListElement":[{"@type":"ListItem","position":1,"name":"Home","item":"https:\/\/neuromarketinglab.eu\/"},{"@type":"ListItem","position":2,"name":"Komer\u010dn\u00e9 projekty"}]},{"@type":"WebSite","@id":"https:\/\/neuromarketinglab.eu\/#website","url":"https:\/\/neuromarketinglab.eu\/","name":"NeuromarketingLab","description":"","publisher":{"@id":"https:\/\/neuromarketinglab.eu\/#organization"},"potentialAction":[{"@type":"SearchAction","target":{"@type":"EntryPoint","urlTemplate":"https:\/\/neuromarketinglab.eu\/?s={search_term_string}"},"query-input":{"@type":"PropertyValueSpecification","valueRequired":true,"valueName":"search_term_string"}}],"inLanguage":"en-GB"},{"@type":"Organization","@id":"https:\/\/neuromarketinglab.eu\/#organization","name":"NeuromarketingLab","url":"https:\/\/neuromarketinglab.eu\/","logo":{"@type":"ImageObject","inLanguage":"en-GB","@id":"https:\/\/neuromarketinglab.eu\/#\/schema\/logo\/image\/","url":"","contentUrl":"","caption":"NeuromarketingLab"},"image":{"@id":"https:\/\/neuromarketinglab.eu\/#\/schema\/logo\/image\/"}}]}},"_links":{"self":[{"href":"https:\/\/neuromarketinglab.eu\/index.php?rest_route=\/wp\/v2\/pages\/6993","targetHints":{"allow":["GET"]}}],"collection":[{"href":"https:\/\/neuromarketinglab.eu\/index.php?rest_route=\/wp\/v2\/pages"}],"about":[{"href":"https:\/\/neuromarketinglab.eu\/index.php?rest_route=\/wp\/v2\/types\/page"}],"author":[{"embeddable":true,"href":"https:\/\/neuromarketinglab.eu\/index.php?rest_route=\/wp\/v2\/users\/1"}],"replies":[{"embeddable":true,"href":"https:\/\/neuromarketinglab.eu\/index.php?rest_route=%2Fwp%2Fv2%2Fcomments&post=6993"}],"version-history":[{"count":5,"href":"https:\/\/neuromarketinglab.eu\/index.php?rest_route=\/wp\/v2\/pages\/6993\/revisions"}],"predecessor-version":[{"id":7200,"href":"https:\/\/neuromarketinglab.eu\/index.php?rest_route=\/wp\/v2\/pages\/6993\/revisions\/7200"}],"wp:attachment":[{"href":"https:\/\/neuromarketinglab.eu\/index.php?rest_route=%2Fwp%2Fv2%2Fmedia&parent=6993"}],"curies":[{"name":"wp","href":"https:\/\/api.w.org\/{rel}","templated":true}]}}