{"id":6996,"date":"2023-01-07T11:26:18","date_gmt":"2023-01-07T11:26:18","guid":{"rendered":"http:\/\/neuromarketinglab.eu\/?page_id=6996"},"modified":"2023-01-07T11:26:18","modified_gmt":"2023-01-07T11:26:18","slug":"vedecke-clanky","status":"publish","type":"page","link":"https:\/\/neuromarketinglab.eu\/?page_id=6996&lang=sk","title":{"rendered":"Vedeck\u00e9 \u010dl\u00e1nky"},"content":{"rendered":"<p>[vc_row][vc_column][vc_column_text]<\/p>\n<div>1. \u010carnogursk\u00fd, K.- Dia\u010dikov\u00e1, A. &#8211; Madz\u00edk, P. &#8211; Ber\u010d\u00edk, J. 2022.Influence of aromatization on the perception of work environment and job satisfaction. In The TQM Journal. ISSN <a href=\"tel:1754-2731\" target=\"_blank\" rel=\"noopener noreferrer\" data-auth=\"NotApplicable\" data-loopstyle=\"link\" data-safelink=\"true\" data-linkindex=\"9\">1754-2731<\/a>.<\/div>\n<div><\/div>\n<div>2. Ber\u010d\u00edk, J. &#8211; G\u00e1lov\u00e1, J. &#8211; Vietoris, V. &#8211; Paluchov\u00e1, J. 2021. The application of consumer neuroscience in evaluating the effect of aroma marketing on consumer preferences in the food market. In Journal of International Food &amp; Agribusiness Marketing. ISSN <a href=\"tel:0897-4438\" target=\"_blank\" rel=\"noopener noreferrer\" data-auth=\"NotApplicable\" data-loopstyle=\"link\" data-safelink=\"true\" data-linkindex=\"10\">0897-4438<\/a>.<\/div>\n<div><\/div>\n<div>3. Ber\u010d\u00edk, J.- Neom\u00e1niov\u00e1, K.- G\u00e1lov\u00e1, J.- Mravcov\u00e1, A. 2021.Consumer neuroscience as a tool to monitor the impact of aromas on consumer emotions when buying food. In Applied Sciences-Basel. 11, 6692 (2021), pp. 1&#8211;17. ISBN <a href=\"tel:2076-3417\" target=\"_blank\" rel=\"noopener noreferrer\" data-auth=\"NotApplicable\" data-loopstyle=\"link\" data-safelink=\"true\" data-linkindex=\"11\">2076-3417<\/a> online.<\/div>\n<div><\/div>\n<div>4. Neom\u00e1niov\u00e1, K. &#8211; Ber\u010d\u00edk, J. &#8211; Pavelka, A. 2019.The use of eye-tracker and face reader as useful consumer neuroscience tools within logo creation. In Acta Universitatis Agriculturae et Silviculturae Mendelianae Brunensis. 67, 4, pp. 1061-1070.<\/div>\n<div><\/div>\n<div>5. Ber\u010d\u00edk, J. &#8211; Paluchov\u00e1, J. &#8211; G\u00e1lov\u00e1, J.- Neom\u00e1niov\u00e1, K. &#8211; Hlad\u00edkov\u00e1, L. 2018. Aroma Marketing &#8211; A Modern Marketing Phenomenon. In International Scientifics Days: \u201eTowards Productive, Sustainable and Resilient Global Agriculture and Food Systems. SUA in Nitra, pp. 586-599. ISBN 978-80-7598-180-6.<\/div>\n<div><\/div>\n<div>6. Horsk\u00e1, E. &#8211; Ber\u010d\u00edk, J. &#8211; Paluchov\u00e1, J. &#8211; G\u00e1lov\u00e1, J.- Pramana, E. B. 2018. Consumer Neuroscience as a Tool for Finding an Effective Cultural Marketers for Visual Design. In International Scientifics Days: \u201eTowards Productive, Sustainable and Resilient Global Agriculture and Food Systems. SUA in Nitra, pp. 624-637. ISBN 978-80-7598-180-6.<\/div>\n<div><\/div>\n<div>7. Paluchov\u00e1, J. &#8211; Ber\u010d\u00edk, J. &#8211; Horsk\u00e1, E. 2017. The Sense of Smell. In Sensory and aroma marketing. Wageningen: Wageningen Academic Publishers, pp. 27-55. ISBN 978-90-8686- 298-6.<\/div>\n<div><\/div>\n<div>8. Ber\u010d\u00edk, J. &#8211; Horsk\u00e1, E. &#8211; Wang, W.Y. R. &#8211; Chen, Y.-C. 2016. The impact of parameters of store illumination on food shopper response. In Appetite. 106, pp. 101-109. ISSN <a href=\"tel:0195-6663\" target=\"_blank\" rel=\"noopener noreferrer\" data-auth=\"NotApplicable\" data-loopstyle=\"link\" data-safelink=\"true\" data-linkindex=\"12\">0195-6663<\/a>. (karentovan\u00fd \u010dasopis, impakt faktor 3,10)<\/div>\n<div><\/div>\n<div>9. Horsk\u00e1, E. &#8211; Ber\u010d\u00edk, J. &#8211; Krasnodebski, A. &#8211; Matysek-Pejas, R. 2016. Innovative Approaches to Examining Consumer Preferences when Choosing Wines. In Agricultural Economics. 62, 3, pp. 124-133. ISSN 0139-570X. (karentovan\u00fd \u010dasopis, impakt faktor 0,48)<\/div>\n<div><\/div>\n<div>10. Ber\u010d\u00edk, J. &#8211; Horsk\u00e1, E. &#8211; G\u00e1lov\u00e1, J. &#8211; Margianti, E.S. 2016. Consumer Neuroscience in Practice: The Impact of Store Atmosphere on Consumer Behavior. In Periodica Polytechnica Social and Management Sciences. Budapest : University of Technology and Economics. 24, 2, pp. 96-101. URL: https:\/\/pp.bme.hu\/so\/article\/view\/8715\/6967. (Scopus)<\/div>\n<div><\/div>\n<div>11. Horsk\u00e1, E. &#8211; Ber\u010d\u00edk, J. 2014. The influence of light on consumer behavior at the food market. In Journal of Food Products Marketing. 20, 4, pp. 429-440. ISSN <a href=\"tel:1045-4446\" target=\"_blank\" rel=\"noopener noreferrer\" data-auth=\"NotApplicable\" data-loopstyle=\"link\" data-safelink=\"true\" data-linkindex=\"13\">1045-4446<\/a>. (Scopus, h-index 10)<\/div>\n<p>[\/vc_column_text][\/vc_column][\/vc_row]<\/p>\n","protected":false},"excerpt":{"rendered":"<p>[vc_row][vc_column][vc_column_text] 1. \u010carnogursk\u00fd, K.- Dia\u010dikov\u00e1, A. &#8211; Madz\u00edk, P. &#8211; Ber\u010d\u00edk, J. 2022.Influence of aromatization on the perception of work environment and job satisfaction. In The TQM Journal. ISSN 1754-2731. 2. Ber\u010d\u00edk, J. &#8211; G\u00e1lov\u00e1, J. &#8211; Vietoris, V. &#8211; Paluchov\u00e1, J. 2021. The application of consumer neuroscience in evaluating the effect of aroma marketing [&hellip;]<\/p>\n","protected":false},"author":1,"featured_media":0,"parent":0,"menu_order":0,"comment_status":"closed","ping_status":"closed","template":"","meta":{"footnotes":""},"class_list":["post-6996","page","type-page","status-publish","hentry"],"yoast_head":"<!-- This site is optimized with the Yoast SEO plugin v24.9 - https:\/\/yoast.com\/wordpress\/plugins\/seo\/ -->\n<title>Vedeck\u00e9 \u010dl\u00e1nky - NeuromarketingLab<\/title>\n<meta name=\"robots\" content=\"noindex, follow, max-snippet:-1, max-image-preview:large, max-video-preview:-1\" \/>\n<meta property=\"og:locale\" content=\"en_GB\" \/>\n<meta property=\"og:type\" content=\"article\" \/>\n<meta property=\"og:title\" content=\"Vedeck\u00e9 \u010dl\u00e1nky - NeuromarketingLab\" \/>\n<meta property=\"og:description\" content=\"[vc_row][vc_column][vc_column_text] 1. \u010carnogursk\u00fd, K.- Dia\u010dikov\u00e1, A. &#8211; Madz\u00edk, P. &#8211; Ber\u010d\u00edk, J. 2022.Influence of aromatization on the perception of work environment and job satisfaction. In The TQM Journal. ISSN 1754-2731. 2. Ber\u010d\u00edk, J. &#8211; G\u00e1lov\u00e1, J. &#8211; Vietoris, V. &#8211; Paluchov\u00e1, J. 2021. The application of consumer neuroscience in evaluating the effect of aroma marketing [&hellip;]\" \/>\n<meta property=\"og:url\" content=\"https:\/\/neuromarketinglab.eu\/?page_id=6996&amp;lang=sk\" \/>\n<meta property=\"og:site_name\" content=\"NeuromarketingLab\" \/>\n<meta name=\"twitter:card\" content=\"summary_large_image\" \/>\n<meta name=\"twitter:label1\" content=\"Estimated reading time\" \/>\n\t<meta name=\"twitter:data1\" content=\"2 minutes\" \/>\n<script type=\"application\/ld+json\" class=\"yoast-schema-graph\">{\"@context\":\"https:\/\/schema.org\",\"@graph\":[{\"@type\":\"WebPage\",\"@id\":\"https:\/\/neuromarketinglab.eu\/?page_id=6996&lang=sk\",\"url\":\"https:\/\/neuromarketinglab.eu\/?page_id=6996&lang=sk\",\"name\":\"Vedeck\u00e9 \u010dl\u00e1nky - NeuromarketingLab\",\"isPartOf\":{\"@id\":\"https:\/\/neuromarketinglab.eu\/#website\"},\"datePublished\":\"2023-01-07T11:26:18+00:00\",\"breadcrumb\":{\"@id\":\"https:\/\/neuromarketinglab.eu\/?page_id=6996&lang=sk#breadcrumb\"},\"inLanguage\":\"en-GB\",\"potentialAction\":[{\"@type\":\"ReadAction\",\"target\":[\"https:\/\/neuromarketinglab.eu\/?page_id=6996&lang=sk\"]}]},{\"@type\":\"BreadcrumbList\",\"@id\":\"https:\/\/neuromarketinglab.eu\/?page_id=6996&lang=sk#breadcrumb\",\"itemListElement\":[{\"@type\":\"ListItem\",\"position\":1,\"name\":\"Home\",\"item\":\"https:\/\/neuromarketinglab.eu\/\"},{\"@type\":\"ListItem\",\"position\":2,\"name\":\"Vedeck\u00e9 \u010dl\u00e1nky\"}]},{\"@type\":\"WebSite\",\"@id\":\"https:\/\/neuromarketinglab.eu\/#website\",\"url\":\"https:\/\/neuromarketinglab.eu\/\",\"name\":\"NeuromarketingLab\",\"description\":\"\",\"publisher\":{\"@id\":\"https:\/\/neuromarketinglab.eu\/#organization\"},\"potentialAction\":[{\"@type\":\"SearchAction\",\"target\":{\"@type\":\"EntryPoint\",\"urlTemplate\":\"https:\/\/neuromarketinglab.eu\/?s={search_term_string}\"},\"query-input\":{\"@type\":\"PropertyValueSpecification\",\"valueRequired\":true,\"valueName\":\"search_term_string\"}}],\"inLanguage\":\"en-GB\"},{\"@type\":\"Organization\",\"@id\":\"https:\/\/neuromarketinglab.eu\/#organization\",\"name\":\"NeuromarketingLab\",\"url\":\"https:\/\/neuromarketinglab.eu\/\",\"logo\":{\"@type\":\"ImageObject\",\"inLanguage\":\"en-GB\",\"@id\":\"https:\/\/neuromarketinglab.eu\/#\/schema\/logo\/image\/\",\"url\":\"\",\"contentUrl\":\"\",\"caption\":\"NeuromarketingLab\"},\"image\":{\"@id\":\"https:\/\/neuromarketinglab.eu\/#\/schema\/logo\/image\/\"}}]}<\/script>\n<!-- \/ Yoast SEO plugin. -->","yoast_head_json":{"title":"Vedeck\u00e9 \u010dl\u00e1nky - NeuromarketingLab","robots":{"index":"noindex","follow":"follow","max-snippet":"max-snippet:-1","max-image-preview":"max-image-preview:large","max-video-preview":"max-video-preview:-1"},"og_locale":"en_GB","og_type":"article","og_title":"Vedeck\u00e9 \u010dl\u00e1nky - NeuromarketingLab","og_description":"[vc_row][vc_column][vc_column_text] 1. \u010carnogursk\u00fd, K.- Dia\u010dikov\u00e1, A. &#8211; Madz\u00edk, P. &#8211; Ber\u010d\u00edk, J. 2022.Influence of aromatization on the perception of work environment and job satisfaction. In The TQM Journal. ISSN 1754-2731. 2. Ber\u010d\u00edk, J. &#8211; G\u00e1lov\u00e1, J. &#8211; Vietoris, V. &#8211; Paluchov\u00e1, J. 2021. The application of consumer neuroscience in evaluating the effect of aroma marketing [&hellip;]","og_url":"https:\/\/neuromarketinglab.eu\/?page_id=6996&lang=sk","og_site_name":"NeuromarketingLab","twitter_card":"summary_large_image","twitter_misc":{"Estimated reading time":"2 minutes"},"schema":{"@context":"https:\/\/schema.org","@graph":[{"@type":"WebPage","@id":"https:\/\/neuromarketinglab.eu\/?page_id=6996&lang=sk","url":"https:\/\/neuromarketinglab.eu\/?page_id=6996&lang=sk","name":"Vedeck\u00e9 \u010dl\u00e1nky - NeuromarketingLab","isPartOf":{"@id":"https:\/\/neuromarketinglab.eu\/#website"},"datePublished":"2023-01-07T11:26:18+00:00","breadcrumb":{"@id":"https:\/\/neuromarketinglab.eu\/?page_id=6996&lang=sk#breadcrumb"},"inLanguage":"en-GB","potentialAction":[{"@type":"ReadAction","target":["https:\/\/neuromarketinglab.eu\/?page_id=6996&lang=sk"]}]},{"@type":"BreadcrumbList","@id":"https:\/\/neuromarketinglab.eu\/?page_id=6996&lang=sk#breadcrumb","itemListElement":[{"@type":"ListItem","position":1,"name":"Home","item":"https:\/\/neuromarketinglab.eu\/"},{"@type":"ListItem","position":2,"name":"Vedeck\u00e9 \u010dl\u00e1nky"}]},{"@type":"WebSite","@id":"https:\/\/neuromarketinglab.eu\/#website","url":"https:\/\/neuromarketinglab.eu\/","name":"NeuromarketingLab","description":"","publisher":{"@id":"https:\/\/neuromarketinglab.eu\/#organization"},"potentialAction":[{"@type":"SearchAction","target":{"@type":"EntryPoint","urlTemplate":"https:\/\/neuromarketinglab.eu\/?s={search_term_string}"},"query-input":{"@type":"PropertyValueSpecification","valueRequired":true,"valueName":"search_term_string"}}],"inLanguage":"en-GB"},{"@type":"Organization","@id":"https:\/\/neuromarketinglab.eu\/#organization","name":"NeuromarketingLab","url":"https:\/\/neuromarketinglab.eu\/","logo":{"@type":"ImageObject","inLanguage":"en-GB","@id":"https:\/\/neuromarketinglab.eu\/#\/schema\/logo\/image\/","url":"","contentUrl":"","caption":"NeuromarketingLab"},"image":{"@id":"https:\/\/neuromarketinglab.eu\/#\/schema\/logo\/image\/"}}]}},"_links":{"self":[{"href":"https:\/\/neuromarketinglab.eu\/index.php?rest_route=\/wp\/v2\/pages\/6996","targetHints":{"allow":["GET"]}}],"collection":[{"href":"https:\/\/neuromarketinglab.eu\/index.php?rest_route=\/wp\/v2\/pages"}],"about":[{"href":"https:\/\/neuromarketinglab.eu\/index.php?rest_route=\/wp\/v2\/types\/page"}],"author":[{"embeddable":true,"href":"https:\/\/neuromarketinglab.eu\/index.php?rest_route=\/wp\/v2\/users\/1"}],"replies":[{"embeddable":true,"href":"https:\/\/neuromarketinglab.eu\/index.php?rest_route=%2Fwp%2Fv2%2Fcomments&post=6996"}],"version-history":[{"count":1,"href":"https:\/\/neuromarketinglab.eu\/index.php?rest_route=\/wp\/v2\/pages\/6996\/revisions"}],"predecessor-version":[{"id":6997,"href":"https:\/\/neuromarketinglab.eu\/index.php?rest_route=\/wp\/v2\/pages\/6996\/revisions\/6997"}],"wp:attachment":[{"href":"https:\/\/neuromarketinglab.eu\/index.php?rest_route=%2Fwp%2Fv2%2Fmedia&parent=6996"}],"curies":[{"name":"wp","href":"https:\/\/api.w.org\/{rel}","templated":true}]}}