{"id":7002,"date":"2023-01-07T11:30:46","date_gmt":"2023-01-07T11:30:46","guid":{"rendered":"http:\/\/neuromarketinglab.eu\/?page_id=7002"},"modified":"2023-01-07T12:24:01","modified_gmt":"2023-01-07T12:24:01","slug":"tim","status":"publish","type":"page","link":"https:\/\/neuromarketinglab.eu\/?page_id=7002&lang=sk","title":{"rendered":"T\u00edm"},"content":{"rendered":"<p>[vc_row][vc_column width=&#8221;1\/4&#8243;]\r\n\t\t\t\t<div class=\"grve-team grve-element grve-style-1\" style=\"\">\r\n\t\t\t<figure class=\"grve-image-hover\">\r\n\t\t\t\t<div class=\"grve-team-person grve-media\">\r\n\t\t\t\t\t\t\t\t\t<img loading=\"lazy\" decoding=\"async\" width=\"600\" height=\"600\" src=\"https:\/\/neuromarketinglab.eu\/wp-content\/uploads\/2023\/01\/Jakub-Bercik-foto-600x600.jpg\" class=\"attachment-blade-grve-small-square size-blade-grve-small-square\" alt=\"\" srcset=\"https:\/\/neuromarketinglab.eu\/wp-content\/uploads\/2023\/01\/Jakub-Bercik-foto-600x600.jpg 600w, https:\/\/neuromarketinglab.eu\/wp-content\/uploads\/2023\/01\/Jakub-Bercik-foto-scaled-100x100.jpg 100w, https:\/\/neuromarketinglab.eu\/wp-content\/uploads\/2023\/01\/Jakub-Bercik-foto-150x150.jpg 150w, https:\/\/neuromarketinglab.eu\/wp-content\/uploads\/2023\/01\/Jakub-Bercik-foto-1120x1120.jpg 1120w\" sizes=\"auto, (max-width: 600px) 100vw, 600px\" \/>\t\t\t\t\t\t\t\t<\/div>\r\n\t\t\t\t<figcaption>\r\n\t\t\t\t\t<div class=\"grve-team-content\">\r\n\t\t\t\t\t\t<div class=\"grve-team-description grve-align-center\">\r\n\t\t\t\t\t\t\t<div class=\"grve-team-identity grve-subtitle\">Riadite\u013e laborat\u00f3ria<\/div>\r\n\t\t\t\t\t\t\t\t\t\t\t\t\t\t<h3 class=\"grve-team-name grve-text-hover-primary-1 grve-h3\">Jakub Ber\u010d\u00edk<\/h3>\r\n\t\t\t\t\t\t\t\t\t\t\t\t\t\t\t\t\t\t\t\t<\/div>\r\n\t\t\t\t\t\t\t\t\t\t\t\t<div class=\"grve-team-social grve-list-divider grve-small-text grve-align-center\">\r\n\t\t\t\t\t\t\t<ul>\r\n\t\t\t\t\t\t\t\t<li><a href=\"https:\/\/www.linkedin.com\/in\/jakub-bercik-a7225a19b\/?originalSubdomain=sk\" target=\"_blank\" rel=\"noopener noreferrer\" class=\"grve-text-dark\">Linkedin<\/a><\/li>\t\t\t\t\t\t\t<\/ul>\r\n\t\t\t\t\t\t<\/div>\r\n\t\t\t\t\t\t\t\t\t\t\t<\/div>\r\n\t\t\t\t<\/figcaption>\r\n\t\t\t<\/figure>\r\n\t\t<\/div>\r\n\t\t\r\n\t\t[\/vc_column][vc_column width=&#8221;1\/4&#8243;]\r\n\t\t\t\t<div class=\"grve-team grve-element grve-style-1\" style=\"\">\r\n\t\t\t<figure class=\"grve-image-hover\">\r\n\t\t\t\t<div class=\"grve-team-person grve-media\">\r\n\t\t\t\t\t\t\t\t\t<img loading=\"lazy\" decoding=\"async\" width=\"300\" height=\"300\" src=\"https:\/\/neuromarketinglab.eu\/wp-content\/uploads\/2023\/01\/horska.jpg\" class=\"attachment-blade-grve-small-square size-blade-grve-small-square\" alt=\"\" srcset=\"https:\/\/neuromarketinglab.eu\/wp-content\/uploads\/2023\/01\/horska.jpg 300w, https:\/\/neuromarketinglab.eu\/wp-content\/uploads\/2023\/01\/horska-100x100.jpg 100w, https:\/\/neuromarketinglab.eu\/wp-content\/uploads\/2023\/01\/horska-150x150.jpg 150w\" sizes=\"auto, (max-width: 300px) 100vw, 300px\" \/>\t\t\t\t\t\t\t\t<\/div>\r\n\t\t\t\t<figcaption>\r\n\t\t\t\t\t<div class=\"grve-team-content\">\r\n\t\t\t\t\t\t<div class=\"grve-team-description grve-align-center\">\r\n\t\t\t\t\t\t\t<div class=\"grve-team-identity grve-subtitle\">V\u00fdskumn\u00fd pracovn\u00edk - profesor<\/div>\r\n\t\t\t\t\t\t\t\t\t\t\t\t\t\t<h3 class=\"grve-team-name grve-text-hover-primary-1 grve-h3\">Elena Horsk\u00e1<\/h3>\r\n\t\t\t\t\t\t\t\t\t\t\t\t\t\t\t\t\t\t\t\t<\/div>\r\n\t\t\t\t\t\t\t\t\t\t\t\t<div class=\"grve-team-social grve-list-divider grve-small-text grve-align-center\">\r\n\t\t\t\t\t\t\t<ul>\r\n\t\t\t\t\t\t\t\t<li><a href=\"https:\/\/www.linkedin.com\/in\/elena-horska-43b6b518\/?originalSubdomain=sk\" target=\"_blank\" rel=\"noopener noreferrer\" class=\"grve-text-dark\">Linkedin<\/a><\/li>\t\t\t\t\t\t\t<\/ul>\r\n\t\t\t\t\t\t<\/div>\r\n\t\t\t\t\t\t\t\t\t\t\t<\/div>\r\n\t\t\t\t<\/figcaption>\r\n\t\t\t<\/figure>\r\n\t\t<\/div>\r\n\t\t\r\n\t\t\r\n\t\t\t\t<div class=\"grve-team grve-element grve-style-1\" style=\"\">\r\n\t\t\t<figure class=\"grve-image-hover\">\r\n\t\t\t\t<div class=\"grve-team-person grve-media\">\r\n\t\t\t\t\t\t\t\t\t<img loading=\"lazy\" decoding=\"async\" width=\"127\" height=\"190\" src=\"https:\/\/neuromarketinglab.eu\/wp-content\/uploads\/2023\/01\/foto.pl-4.png\" class=\"attachment-blade-grve-small-square size-blade-grve-small-square\" alt=\"\" \/>\t\t\t\t\t\t\t\t<\/div>\r\n\t\t\t\t<figcaption>\r\n\t\t\t\t\t<div class=\"grve-team-content\">\r\n\t\t\t\t\t\t<div class=\"grve-team-description grve-align-center\">\r\n\t\t\t\t\t\t\t<div class=\"grve-team-identity grve-subtitle\">V\u00fdskumn\u00fd pracovn\u00edk<\/div>\r\n\t\t\t\t\t\t\t\t\t\t\t\t\t\t<h3 class=\"grve-team-name grve-text-hover-primary-1 grve-h3\">Erik Jan\u0161to<\/h3>\r\n\t\t\t\t\t\t\t\t\t\t\t\t\t\t\t\t\t\t\t\t<\/div>\r\n\t\t\t\t\t\t\t\t\t\t\t\t<div class=\"grve-team-social grve-list-divider grve-small-text grve-align-center\">\r\n\t\t\t\t\t\t\t<ul>\r\n\t\t\t\t\t\t\t\t<li><a href=\"https:\/\/www.linkedin.com\/in\/erik-jan\u0161to-8956aa62\/?originalSubdomain=sk\" target=\"_blank\" rel=\"noopener noreferrer\" class=\"grve-text-dark\">Linkedin<\/a><\/li>\t\t\t\t\t\t\t<\/ul>\r\n\t\t\t\t\t\t<\/div>\r\n\t\t\t\t\t\t\t\t\t\t\t<\/div>\r\n\t\t\t\t<\/figcaption>\r\n\t\t\t<\/figure>\r\n\t\t<\/div>\r\n\t\t\r\n\t\t[\/vc_column][vc_column width=&#8221;1\/4&#8243;]\r\n\t\t\t\t<div class=\"grve-team grve-element grve-style-1\" style=\"\">\r\n\t\t\t<figure class=\"grve-image-hover\">\r\n\t\t\t\t<div class=\"grve-team-person grve-media\">\r\n\t\t\t\t\t\t\t\t\t<img loading=\"lazy\" decoding=\"async\" width=\"127\" height=\"190\" src=\"https:\/\/neuromarketinglab.eu\/wp-content\/uploads\/2023\/01\/foto.pl-4.png\" class=\"attachment-blade-grve-small-square size-blade-grve-small-square\" alt=\"\" \/>\t\t\t\t\t\t\t\t<\/div>\r\n\t\t\t\t<figcaption>\r\n\t\t\t\t\t<div class=\"grve-team-content\">\r\n\t\t\t\t\t\t<div class=\"grve-team-description grve-align-center\">\r\n\t\t\t\t\t\t\t<div class=\"grve-team-identity grve-subtitle\">V\u00fdskumn\u00fd pracovn\u00edk - docent<\/div>\r\n\t\t\t\t\t\t\t\t\t\t\t\t\t\t<h3 class=\"grve-team-name grve-text-hover-primary-1 grve-h3\">Patrik Rovn\u00fd<\/h3>\r\n\t\t\t\t\t\t\t\t\t\t\t\t\t\t\t\t\t\t\t\t<\/div>\r\n\t\t\t\t\t\t\t\t\t\t\t\t<div class=\"grve-team-social grve-list-divider grve-small-text grve-align-center\">\r\n\t\t\t\t\t\t\t<ul>\r\n\t\t\t\t\t\t\t\t<li><a href=\"https:\/\/www.linkedin.com\/in\/patrik-rovn\u00fd-60255611\/?originalSubdomain=sk\" target=\"_blank\" rel=\"noopener noreferrer\" class=\"grve-text-dark\">Linkedin<\/a><\/li>\t\t\t\t\t\t\t<\/ul>\r\n\t\t\t\t\t\t<\/div>\r\n\t\t\t\t\t\t\t\t\t\t\t<\/div>\r\n\t\t\t\t<\/figcaption>\r\n\t\t\t<\/figure>\r\n\t\t<\/div>\r\n\t\t\r\n\t\t\r\n\t\t\t\t<div class=\"grve-team grve-element grve-style-1\" style=\"\">\r\n\t\t\t<figure class=\"grve-image-hover\">\r\n\t\t\t\t<div class=\"grve-team-person grve-media\">\r\n\t\t\t\t\t\t\t\t\t<img loading=\"lazy\" decoding=\"async\" width=\"127\" height=\"190\" src=\"https:\/\/neuromarketinglab.eu\/wp-content\/uploads\/2023\/01\/foto.pl-4.png\" class=\"attachment-blade-grve-small-square size-blade-grve-small-square\" alt=\"\" \/>\t\t\t\t\t\t\t\t<\/div>\r\n\t\t\t\t<figcaption>\r\n\t\t\t\t\t<div class=\"grve-team-content\">\r\n\t\t\t\t\t\t<div class=\"grve-team-description grve-align-center\">\r\n\t\t\t\t\t\t\t<div class=\"grve-team-identity grve-subtitle\">V\u00fdskumn\u00fd pracovn\u00edk<\/div>\r\n\t\t\t\t\t\t\t\t\t\t\t\t\t\t<h3 class=\"grve-team-name grve-text-hover-primary-1 grve-h3\">Filip Tk\u00e1\u010d<\/h3>\r\n\t\t\t\t\t\t\t\t\t\t\t\t\t\t\t\t\t\t\t\t<\/div>\r\n\t\t\t\t\t\t\t\t\t\t\t\t<div class=\"grve-team-social grve-list-divider grve-small-text grve-align-center\">\r\n\t\t\t\t\t\t\t<ul>\r\n\t\t\t\t\t\t\t\t<li><a href=\"https:\/\/www.linkedin.com\/in\/ftkac\/\" target=\"_blank\" rel=\"noopener noreferrer\" class=\"grve-text-dark\">Linkedin<\/a><\/li>\t\t\t\t\t\t\t<\/ul>\r\n\t\t\t\t\t\t<\/div>\r\n\t\t\t\t\t\t\t\t\t\t\t<\/div>\r\n\t\t\t\t<\/figcaption>\r\n\t\t\t<\/figure>\r\n\t\t<\/div>\r\n\t\t\r\n\t\t[\/vc_column][vc_column width=&#8221;1\/4&#8243;]\r\n\t\t\t\t<div class=\"grve-team grve-element grve-style-1\" style=\"\">\r\n\t\t\t<figure class=\"grve-image-hover\">\r\n\t\t\t\t<div class=\"grve-team-person grve-media\">\r\n\t\t\t\t\t\t\t\t\t<img loading=\"lazy\" decoding=\"async\" width=\"127\" height=\"190\" src=\"https:\/\/neuromarketinglab.eu\/wp-content\/uploads\/2023\/01\/foto.pl-4.png\" class=\"attachment-blade-grve-small-square size-blade-grve-small-square\" alt=\"\" \/>\t\t\t\t\t\t\t\t<\/div>\r\n\t\t\t\t<figcaption>\r\n\t\t\t\t\t<div class=\"grve-team-content\">\r\n\t\t\t\t\t\t<div class=\"grve-team-description grve-align-center\">\r\n\t\t\t\t\t\t\t<div class=\"grve-team-identity grve-subtitle\">V\u00fdskumn\u00fd pracovn\u00edk<\/div>\r\n\t\t\t\t\t\t\t\t\t\t\t\t\t\t<h3 class=\"grve-team-name grve-text-hover-primary-1 grve-h3\">Peter \u0160ed\u00edk<\/h3>\r\n\t\t\t\t\t\t\t\t\t\t\t\t\t\t\t\t\t\t\t\t<\/div>\r\n\t\t\t\t\t\t\t\t\t\t\t\t<div class=\"grve-team-social grve-list-divider grve-small-text grve-align-center\">\r\n\t\t\t\t\t\t\t<ul>\r\n\t\t\t\t\t\t\t\t<li><a href=\"https:\/\/www.linkedin.com\/in\/peter-\u0161ed%C3%ADk-002298153\/?trk=public_profile_samename-profile&#038;originalSubdomain=sk\" target=\"_blank\" rel=\"noopener noreferrer\" class=\"grve-text-dark\">Linkedin<\/a><\/li>\t\t\t\t\t\t\t<\/ul>\r\n\t\t\t\t\t\t<\/div>\r\n\t\t\t\t\t\t\t\t\t\t\t<\/div>\r\n\t\t\t\t<\/figcaption>\r\n\t\t\t<\/figure>\r\n\t\t<\/div>\r\n\t\t\r\n\t\t[\/vc_column][\/vc_row]<\/p>\n","protected":false},"excerpt":{"rendered":"<p>[vc_row][vc_column width=&#8221;1\/4&#8243;][\/vc_column][vc_column width=&#8221;1\/4&#8243;][\/vc_column][vc_column width=&#8221;1\/4&#8243;][\/vc_column][vc_column width=&#8221;1\/4&#8243;][\/vc_column][\/vc_row]<\/p>\n","protected":false},"author":1,"featured_media":0,"parent":0,"menu_order":0,"comment_status":"closed","ping_status":"closed","template":"","meta":{"footnotes":""},"class_list":["post-7002","page","type-page","status-publish","hentry"],"yoast_head":"<!-- This site is optimized with the Yoast SEO plugin v24.9 - https:\/\/yoast.com\/wordpress\/plugins\/seo\/ -->\n<title>T\u00edm - NeuromarketingLab<\/title>\n<meta name=\"robots\" content=\"noindex, follow, max-snippet:-1, max-image-preview:large, max-video-preview:-1\" \/>\n<meta property=\"og:locale\" content=\"en_GB\" \/>\n<meta property=\"og:type\" content=\"article\" \/>\n<meta property=\"og:title\" content=\"T\u00edm - NeuromarketingLab\" \/>\n<meta property=\"og:description\" content=\"[vc_row][vc_column width=&#8221;1\/4&#8243;][\/vc_column][vc_column width=&#8221;1\/4&#8243;][\/vc_column][vc_column width=&#8221;1\/4&#8243;][\/vc_column][vc_column width=&#8221;1\/4&#8243;][\/vc_column][\/vc_row]\" \/>\n<meta property=\"og:url\" content=\"https:\/\/neuromarketinglab.eu\/?page_id=7002&amp;lang=sk\" \/>\n<meta property=\"og:site_name\" content=\"NeuromarketingLab\" \/>\n<meta property=\"article:modified_time\" content=\"2023-01-07T12:24:01+00:00\" \/>\n<meta name=\"twitter:card\" content=\"summary_large_image\" \/>\n<meta name=\"twitter:label1\" content=\"Estimated reading time\" \/>\n\t<meta name=\"twitter:data1\" content=\"1 minute\" \/>\n<script type=\"application\/ld+json\" class=\"yoast-schema-graph\">{\"@context\":\"https:\/\/schema.org\",\"@graph\":[{\"@type\":\"WebPage\",\"@id\":\"https:\/\/neuromarketinglab.eu\/?page_id=7002&lang=sk\",\"url\":\"https:\/\/neuromarketinglab.eu\/?page_id=7002&lang=sk\",\"name\":\"T\u00edm - NeuromarketingLab\",\"isPartOf\":{\"@id\":\"https:\/\/neuromarketinglab.eu\/#website\"},\"datePublished\":\"2023-01-07T11:30:46+00:00\",\"dateModified\":\"2023-01-07T12:24:01+00:00\",\"breadcrumb\":{\"@id\":\"https:\/\/neuromarketinglab.eu\/?page_id=7002&lang=sk#breadcrumb\"},\"inLanguage\":\"en-GB\",\"potentialAction\":[{\"@type\":\"ReadAction\",\"target\":[\"https:\/\/neuromarketinglab.eu\/?page_id=7002&lang=sk\"]}]},{\"@type\":\"BreadcrumbList\",\"@id\":\"https:\/\/neuromarketinglab.eu\/?page_id=7002&lang=sk#breadcrumb\",\"itemListElement\":[{\"@type\":\"ListItem\",\"position\":1,\"name\":\"Home\",\"item\":\"https:\/\/neuromarketinglab.eu\/\"},{\"@type\":\"ListItem\",\"position\":2,\"name\":\"T\u00edm\"}]},{\"@type\":\"WebSite\",\"@id\":\"https:\/\/neuromarketinglab.eu\/#website\",\"url\":\"https:\/\/neuromarketinglab.eu\/\",\"name\":\"NeuromarketingLab\",\"description\":\"\",\"publisher\":{\"@id\":\"https:\/\/neuromarketinglab.eu\/#organization\"},\"potentialAction\":[{\"@type\":\"SearchAction\",\"target\":{\"@type\":\"EntryPoint\",\"urlTemplate\":\"https:\/\/neuromarketinglab.eu\/?s={search_term_string}\"},\"query-input\":{\"@type\":\"PropertyValueSpecification\",\"valueRequired\":true,\"valueName\":\"search_term_string\"}}],\"inLanguage\":\"en-GB\"},{\"@type\":\"Organization\",\"@id\":\"https:\/\/neuromarketinglab.eu\/#organization\",\"name\":\"NeuromarketingLab\",\"url\":\"https:\/\/neuromarketinglab.eu\/\",\"logo\":{\"@type\":\"ImageObject\",\"inLanguage\":\"en-GB\",\"@id\":\"https:\/\/neuromarketinglab.eu\/#\/schema\/logo\/image\/\",\"url\":\"\",\"contentUrl\":\"\",\"caption\":\"NeuromarketingLab\"},\"image\":{\"@id\":\"https:\/\/neuromarketinglab.eu\/#\/schema\/logo\/image\/\"}}]}<\/script>\n<!-- \/ Yoast SEO plugin. -->","yoast_head_json":{"title":"T\u00edm - NeuromarketingLab","robots":{"index":"noindex","follow":"follow","max-snippet":"max-snippet:-1","max-image-preview":"max-image-preview:large","max-video-preview":"max-video-preview:-1"},"og_locale":"en_GB","og_type":"article","og_title":"T\u00edm - NeuromarketingLab","og_description":"[vc_row][vc_column width=&#8221;1\/4&#8243;][\/vc_column][vc_column width=&#8221;1\/4&#8243;][\/vc_column][vc_column width=&#8221;1\/4&#8243;][\/vc_column][vc_column width=&#8221;1\/4&#8243;][\/vc_column][\/vc_row]","og_url":"https:\/\/neuromarketinglab.eu\/?page_id=7002&lang=sk","og_site_name":"NeuromarketingLab","article_modified_time":"2023-01-07T12:24:01+00:00","twitter_card":"summary_large_image","twitter_misc":{"Estimated reading time":"1 minute"},"schema":{"@context":"https:\/\/schema.org","@graph":[{"@type":"WebPage","@id":"https:\/\/neuromarketinglab.eu\/?page_id=7002&lang=sk","url":"https:\/\/neuromarketinglab.eu\/?page_id=7002&lang=sk","name":"T\u00edm - NeuromarketingLab","isPartOf":{"@id":"https:\/\/neuromarketinglab.eu\/#website"},"datePublished":"2023-01-07T11:30:46+00:00","dateModified":"2023-01-07T12:24:01+00:00","breadcrumb":{"@id":"https:\/\/neuromarketinglab.eu\/?page_id=7002&lang=sk#breadcrumb"},"inLanguage":"en-GB","potentialAction":[{"@type":"ReadAction","target":["https:\/\/neuromarketinglab.eu\/?page_id=7002&lang=sk"]}]},{"@type":"BreadcrumbList","@id":"https:\/\/neuromarketinglab.eu\/?page_id=7002&lang=sk#breadcrumb","itemListElement":[{"@type":"ListItem","position":1,"name":"Home","item":"https:\/\/neuromarketinglab.eu\/"},{"@type":"ListItem","position":2,"name":"T\u00edm"}]},{"@type":"WebSite","@id":"https:\/\/neuromarketinglab.eu\/#website","url":"https:\/\/neuromarketinglab.eu\/","name":"NeuromarketingLab","description":"","publisher":{"@id":"https:\/\/neuromarketinglab.eu\/#organization"},"potentialAction":[{"@type":"SearchAction","target":{"@type":"EntryPoint","urlTemplate":"https:\/\/neuromarketinglab.eu\/?s={search_term_string}"},"query-input":{"@type":"PropertyValueSpecification","valueRequired":true,"valueName":"search_term_string"}}],"inLanguage":"en-GB"},{"@type":"Organization","@id":"https:\/\/neuromarketinglab.eu\/#organization","name":"NeuromarketingLab","url":"https:\/\/neuromarketinglab.eu\/","logo":{"@type":"ImageObject","inLanguage":"en-GB","@id":"https:\/\/neuromarketinglab.eu\/#\/schema\/logo\/image\/","url":"","contentUrl":"","caption":"NeuromarketingLab"},"image":{"@id":"https:\/\/neuromarketinglab.eu\/#\/schema\/logo\/image\/"}}]}},"_links":{"self":[{"href":"https:\/\/neuromarketinglab.eu\/index.php?rest_route=\/wp\/v2\/pages\/7002","targetHints":{"allow":["GET"]}}],"collection":[{"href":"https:\/\/neuromarketinglab.eu\/index.php?rest_route=\/wp\/v2\/pages"}],"about":[{"href":"https:\/\/neuromarketinglab.eu\/index.php?rest_route=\/wp\/v2\/types\/page"}],"author":[{"embeddable":true,"href":"https:\/\/neuromarketinglab.eu\/index.php?rest_route=\/wp\/v2\/users\/1"}],"replies":[{"embeddable":true,"href":"https:\/\/neuromarketinglab.eu\/index.php?rest_route=%2Fwp%2Fv2%2Fcomments&post=7002"}],"version-history":[{"count":2,"href":"https:\/\/neuromarketinglab.eu\/index.php?rest_route=\/wp\/v2\/pages\/7002\/revisions"}],"predecessor-version":[{"id":7064,"href":"https:\/\/neuromarketinglab.eu\/index.php?rest_route=\/wp\/v2\/pages\/7002\/revisions\/7064"}],"wp:attachment":[{"href":"https:\/\/neuromarketinglab.eu\/index.php?rest_route=%2Fwp%2Fv2%2Fmedia&parent=7002"}],"curies":[{"name":"wp","href":"https:\/\/api.w.org\/{rel}","templated":true}]}}